{"id":945,"date":"2025-02-10T18:55:48","date_gmt":"2025-02-10T17:55:48","guid":{"rendered":"https:\/\/krup.edu.pl\/uku\/aktualnosci\/"},"modified":"2025-02-10T18:55:50","modified_gmt":"2025-02-10T17:55:50","slug":"aktualnosci","status":"publish","type":"page","link":"https:\/\/krup.edu.pl\/uku\/aktualnosci\/","title":{"rendered":"Aktualno\u015bci"},"content":{"rendered":"\t\t<div data-elementor-type=\"wp-page\" data-elementor-id=\"945\" class=\"elementor elementor-945\" data-elementor-post-type=\"page\">\n\t\t\t\t<div class=\"elementor-element elementor-element-7c489ef9 e-flex e-con-boxed e-con e-parent\" data-id=\"7c489ef9\" data-element_type=\"container\" data-e-type=\"container\">\n\t\t\t\t\t<div class=\"e-con-inner\">\n\t\t\t\t<div class=\"elementor-element elementor-element-6a7ce08a elementor-nav-menu--stretch elementor-nav-menu--dropdown-tablet elementor-nav-menu__text-align-aside elementor-widget elementor-widget-nav-menu\" data-id=\"6a7ce08a\" data-element_type=\"widget\" data-e-type=\"widget\" data-settings=\"{&quot;submenu_icon&quot;:{&quot;value&quot;:&quot;&lt;i aria-hidden=\\&quot;true\\&quot; class=\\&quot;\\&quot;&gt;&lt;\\\/i&gt;&quot;,&quot;library&quot;:&quot;&quot;},&quot;full_width&quot;:&quot;stretch&quot;,&quot;layout&quot;:&quot;horizontal&quot;}\" data-widget_type=\"nav-menu.default\">\n\t\t\t\t<div class=\"elementor-widget-container\">\n\t\t\t\t\t\t\t\t<nav aria-label=\"Menu\" class=\"elementor-nav-menu--main elementor-nav-menu__container elementor-nav-menu--layout-horizontal e--pointer-underline e--animation-fade\">\n\t\t\t\t<ul id=\"menu-1-6a7ce08a\" class=\"elementor-nav-menu\"><li class=\"menu-item menu-item-type-post_type menu-item-object-page menu-item-981\"><a href=\"https:\/\/krup.edu.pl\/uku\/aktualnosci\/\" class=\"elementor-item\">Wszystkie<\/a><\/li>\n<li class=\"menu-item menu-item-type-taxonomy menu-item-object-category menu-item-979\"><a href=\"https:\/\/krup.edu.pl\/uku\/category\/news\/\" class=\"elementor-item\">Wydarzenia<\/a><\/li>\n<li class=\"menu-item menu-item-type-taxonomy menu-item-object-category menu-item-980\"><a href=\"https:\/\/krup.edu.pl\/uku\/category\/posiedzenia-uku\/\" class=\"elementor-item\">Posiedzenia UKU<\/a><\/li>\n<\/ul>\t\t\t<\/nav>\n\t\t\t\t\t\t<nav class=\"elementor-nav-menu--dropdown elementor-nav-menu__container\" aria-hidden=\"true\">\n\t\t\t\t<ul id=\"menu-2-6a7ce08a\" class=\"elementor-nav-menu\"><li class=\"menu-item menu-item-type-post_type menu-item-object-page menu-item-981\"><a href=\"https:\/\/krup.edu.pl\/uku\/aktualnosci\/\" class=\"elementor-item\" tabindex=\"-1\">Wszystkie<\/a><\/li>\n<li class=\"menu-item menu-item-type-taxonomy menu-item-object-category menu-item-979\"><a href=\"https:\/\/krup.edu.pl\/uku\/category\/news\/\" class=\"elementor-item\" tabindex=\"-1\">Wydarzenia<\/a><\/li>\n<li class=\"menu-item menu-item-type-taxonomy menu-item-object-category menu-item-980\"><a href=\"https:\/\/krup.edu.pl\/uku\/category\/posiedzenia-uku\/\" class=\"elementor-item\" tabindex=\"-1\">Posiedzenia UKU<\/a><\/li>\n<\/ul>\t\t\t<\/nav>\n\t\t\t\t\t\t<\/div>\n\t\t\t\t<\/div>\n\t\t\t\t<div class=\"elementor-element elementor-element-2d1a71c elementor-grid-2 elementor-posts--thumbnail-none elementor-grid-tablet-2 elementor-grid-mobile-1 elementor-card-shadow-yes elementor-posts__hover-gradient elementor-widget elementor-widget-posts\" data-id=\"2d1a71c\" data-element_type=\"widget\" data-e-type=\"widget\" data-settings=\"{&quot;cards_columns&quot;:&quot;2&quot;,&quot;pagination_type&quot;:&quot;numbers&quot;,&quot;cards_columns_tablet&quot;:&quot;2&quot;,&quot;cards_columns_mobile&quot;:&quot;1&quot;,&quot;cards_row_gap&quot;:{&quot;unit&quot;:&quot;px&quot;,&quot;size&quot;:35,&quot;sizes&quot;:[]},&quot;cards_row_gap_tablet&quot;:{&quot;unit&quot;:&quot;px&quot;,&quot;size&quot;:&quot;&quot;,&quot;sizes&quot;:[]},&quot;cards_row_gap_mobile&quot;:{&quot;unit&quot;:&quot;px&quot;,&quot;size&quot;:&quot;&quot;,&quot;sizes&quot;:[]}}\" data-widget_type=\"posts.cards\">\n\t\t\t\t<div class=\"elementor-widget-container\">\n\t\t\t\t\t\t\t<div class=\"elementor-posts-container elementor-posts elementor-posts--skin-cards elementor-grid\" role=\"list\">\n\t\t\t\t<article class=\"elementor-post elementor-grid-item post-1287 post type-post status-publish format-standard hentry category-bez-kategorii\" role=\"listitem\">\n\t\t\t<div class=\"elementor-post__card\">\n\t\t\t\t<div class=\"elementor-post__text\">\n\t\t\t\t<h3 class=\"elementor-post__title\">\n\t\t\t<a href=\"https:\/\/krup.edu.pl\/uku\/2025\/10\/08\/posiedzenie-uniwersyteckiej-komisji-umiedzynarodowienia-krup-22-23-wrzesnia-2025-r-rzeszow\/\" >\n\t\t\t\tPosiedzenie Uniwersyteckiej Komisji Umi\u0119dzynarodowienia KRUP 22-23 wrze\u015bnia 2025 r. Rzesz\u00f3w\t\t\t<\/a>\n\t\t<\/h3>\n\t\t\t\t<div class=\"elementor-post__excerpt\">\n\t\t\t\t\t<\/div>\n\t\t\t\t\t<div class=\"elementor-post__read-more-wrapper\">\n\t\t\n\t\t<a class=\"elementor-post__read-more\" href=\"https:\/\/krup.edu.pl\/uku\/2025\/10\/08\/posiedzenie-uniwersyteckiej-komisji-umiedzynarodowienia-krup-22-23-wrzesnia-2025-r-rzeszow\/\" aria-label=\"Read more about Posiedzenie Uniwersyteckiej Komisji Umi\u0119dzynarodowienia KRUP 22-23 wrze\u015bnia 2025 r. Rzesz\u00f3w\" tabindex=\"-1\" >\n\t\t\tCzytaj wi\u0119cej \u00bb\t\t<\/a>\n\n\t\t\t\t\t<\/div>\n\t\t\t\t<\/div>\n\t\t\t\t<div class=\"elementor-post__meta-data\">\n\t\t\t\t\t<span class=\"elementor-post-date\">\n\t\t\t2025-10-08\t\t<\/span>\n\t\t\t\t<\/div>\n\t\t\t\t\t<\/div>\n\t\t<\/article>\n\t\t\t\t<article class=\"elementor-post elementor-grid-item post-1285 post type-post status-publish format-standard hentry category-bez-kategorii\" role=\"listitem\">\n\t\t\t<div class=\"elementor-post__card\">\n\t\t\t\t<div class=\"elementor-post__text\">\n\t\t\t\t<h3 class=\"elementor-post__title\">\n\t\t\t<a href=\"https:\/\/krup.edu.pl\/uku\/2025\/10\/08\/posiedzenie-uniwersyteckiej-komisji-umiedzynarodowienia-krup-11-czerwca-2025-r-wroclaw\/\" >\n\t\t\t\tPosiedzenie Uniwersyteckiej Komisji Umi\u0119dzynarodowienia KRUP 11 czerwca 2025 r. Wroc\u0142aw\t\t\t<\/a>\n\t\t<\/h3>\n\t\t\t\t<div class=\"elementor-post__excerpt\">\n\t\t\t\t\t<\/div>\n\t\t\t\t\t<div class=\"elementor-post__read-more-wrapper\">\n\t\t\n\t\t<a class=\"elementor-post__read-more\" href=\"https:\/\/krup.edu.pl\/uku\/2025\/10\/08\/posiedzenie-uniwersyteckiej-komisji-umiedzynarodowienia-krup-11-czerwca-2025-r-wroclaw\/\" aria-label=\"Read more about Posiedzenie Uniwersyteckiej Komisji Umi\u0119dzynarodowienia KRUP 11 czerwca 2025 r. Wroc\u0142aw\" tabindex=\"-1\" >\n\t\t\tCzytaj wi\u0119cej \u00bb\t\t<\/a>\n\n\t\t\t\t\t<\/div>\n\t\t\t\t<\/div>\n\t\t\t\t<div class=\"elementor-post__meta-data\">\n\t\t\t\t\t<span class=\"elementor-post-date\">\n\t\t\t2025-10-08\t\t<\/span>\n\t\t\t\t<\/div>\n\t\t\t\t\t<\/div>\n\t\t<\/article>\n\t\t\t\t<article class=\"elementor-post elementor-grid-item post-1281 post type-post status-publish format-standard hentry category-bez-kategorii\" role=\"listitem\">\n\t\t\t<div class=\"elementor-post__card\">\n\t\t\t\t<div class=\"elementor-post__text\">\n\t\t\t\t<h3 class=\"elementor-post__title\">\n\t\t\t<a href=\"https:\/\/krup.edu.pl\/uku\/2025\/10\/08\/wspolne-posiedzenie-uniwersyteckiej-komisji-ksztalcenia-i-uniwersyteckiej-komisji-umiedzynarodowienia-krup-27-29-marca-2025-r-krakow\/\" >\n\t\t\t\tWsp\u00f3lne posiedzenie Uniwersyteckiej Komisji Kszta\u0142cenia i Uniwersyteckiej Komisji Umi\u0119dzynarodowienia KRUP 27-29 marca 2025 r. Krak\u00f3w\t\t\t<\/a>\n\t\t<\/h3>\n\t\t\t\t<div class=\"elementor-post__excerpt\">\n\t\t\t\t\t<\/div>\n\t\t\t\t\t<div class=\"elementor-post__read-more-wrapper\">\n\t\t\n\t\t<a class=\"elementor-post__read-more\" href=\"https:\/\/krup.edu.pl\/uku\/2025\/10\/08\/wspolne-posiedzenie-uniwersyteckiej-komisji-ksztalcenia-i-uniwersyteckiej-komisji-umiedzynarodowienia-krup-27-29-marca-2025-r-krakow\/\" aria-label=\"Read more about Wsp\u00f3lne posiedzenie Uniwersyteckiej Komisji Kszta\u0142cenia i Uniwersyteckiej Komisji Umi\u0119dzynarodowienia KRUP 27-29 marca 2025 r. Krak\u00f3w\" tabindex=\"-1\" >\n\t\t\tCzytaj wi\u0119cej \u00bb\t\t<\/a>\n\n\t\t\t\t\t<\/div>\n\t\t\t\t<\/div>\n\t\t\t\t<div class=\"elementor-post__meta-data\">\n\t\t\t\t\t<span class=\"elementor-post-date\">\n\t\t\t2025-10-08\t\t<\/span>\n\t\t\t\t<\/div>\n\t\t\t\t\t<\/div>\n\t\t<\/article>\n\t\t\t\t<article class=\"elementor-post elementor-grid-item post-1260 post type-post status-publish format-standard hentry category-bez-kategorii\" role=\"listitem\">\n\t\t\t<div class=\"elementor-post__card\">\n\t\t\t\t<div class=\"elementor-post__text\">\n\t\t\t\t<h3 class=\"elementor-post__title\">\n\t\t\t<a href=\"https:\/\/krup.edu.pl\/uku\/2025\/03\/12\/pierwsze-posiedzenie-krup-nowej-kadencji-i-jubileuszowy-medal-umcs-dla-rektora-ug\/\" >\n\t\t\t\tPierwsze posiedzenie KRUP nowej kadencji i jubileuszowy medal UMCS dla Rektora UG\t\t\t<\/a>\n\t\t<\/h3>\n\t\t\t\t<div class=\"elementor-post__excerpt\">\n\t\t\t<p>Pierwsze posiedzenie Konferencji Rektor\u00f3w Uniwersytet\u00f3w Polskich odby\u0142o si\u0119 22 pa\u017adziernika w Uniwersytecie Marii Curie-Sk\u0142odowskiej w Lublinie. Obrady poprowadzi\u0142 Przewodnicz\u0105cy KRUP prof. Piotr Stepnowski, Rektor Uniwersytetu Gda\u0144skiego. Przewodnicz\u0105cy KRUP&nbsp;prof. Piotr Stepnowski&nbsp;powita\u0142<\/p>\n\t\t<\/div>\n\t\t\t\t\t<div class=\"elementor-post__read-more-wrapper\">\n\t\t\n\t\t<a class=\"elementor-post__read-more\" href=\"https:\/\/krup.edu.pl\/uku\/2025\/03\/12\/pierwsze-posiedzenie-krup-nowej-kadencji-i-jubileuszowy-medal-umcs-dla-rektora-ug\/\" aria-label=\"Read more about Pierwsze posiedzenie KRUP nowej kadencji i jubileuszowy medal UMCS dla Rektora UG\" tabindex=\"-1\" >\n\t\t\tCzytaj wi\u0119cej \u00bb\t\t<\/a>\n\n\t\t\t\t\t<\/div>\n\t\t\t\t<\/div>\n\t\t\t\t<div class=\"elementor-post__meta-data\">\n\t\t\t\t\t<span class=\"elementor-post-date\">\n\t\t\t2025-03-12\t\t<\/span>\n\t\t\t\t<\/div>\n\t\t\t\t\t<\/div>\n\t\t<\/article>\n\t\t\t\t<article class=\"elementor-post elementor-grid-item post-1254 post type-post status-publish format-standard hentry category-bez-kategorii\" role=\"listitem\">\n\t\t\t<div class=\"elementor-post__card\">\n\t\t\t\t<div class=\"elementor-post__text\">\n\t\t\t\t<h3 class=\"elementor-post__title\">\n\t\t\t<a href=\"https:\/\/krup.edu.pl\/uku\/2025\/03\/12\/ii-konferencja-uniwersytetow-europejskich-4-5-wrzesnia-2024-r-krakow\/\" >\n\t\t\t\tII Konferencja Uniwersytet\u00f3w Europejskich 4-5 wrze\u015bnia 2024 r. Krak\u00f3w\t\t\t<\/a>\n\t\t<\/h3>\n\t\t\t\t<div class=\"elementor-post__excerpt\">\n\t\t\t<p>Przed nami wyj\u0105tkowe wydarzenie \u2013 w dniach 4-5 wrze\u015bnia 2024 r. w Krakowie odb\u0119dzie si\u0119 II Konferencja Uniwersytet\u00f3w Europejskich organizowana przez Fundacj\u0119 Rozwoju System\u00f3w Edukacji. Konferencja b\u0119dzie po\u015bwi\u0119cona tematyce sojuszy<\/p>\n\t\t<\/div>\n\t\t\t\t\t<div class=\"elementor-post__read-more-wrapper\">\n\t\t\n\t\t<a class=\"elementor-post__read-more\" href=\"https:\/\/krup.edu.pl\/uku\/2025\/03\/12\/ii-konferencja-uniwersytetow-europejskich-4-5-wrzesnia-2024-r-krakow\/\" aria-label=\"Read more about II Konferencja Uniwersytet\u00f3w Europejskich 4-5 wrze\u015bnia 2024 r. Krak\u00f3w\" tabindex=\"-1\" >\n\t\t\tCzytaj wi\u0119cej \u00bb\t\t<\/a>\n\n\t\t\t\t\t<\/div>\n\t\t\t\t<\/div>\n\t\t\t\t<div class=\"elementor-post__meta-data\">\n\t\t\t\t\t<span class=\"elementor-post-date\">\n\t\t\t2025-03-12\t\t<\/span>\n\t\t\t\t<\/div>\n\t\t\t\t\t<\/div>\n\t\t<\/article>\n\t\t\t\t<article class=\"elementor-post elementor-grid-item post-1252 post type-post status-publish format-standard hentry category-bez-kategorii\" role=\"listitem\">\n\t\t\t<div class=\"elementor-post__card\">\n\t\t\t\t<div class=\"elementor-post__text\">\n\t\t\t\t<h3 class=\"elementor-post__title\">\n\t\t\t<a href=\"https:\/\/krup.edu.pl\/uku\/2025\/03\/12\/rozszerzone-posiedzenie-plenarne-uku-10-wrzesnia-2024-r\/\" >\n\t\t\t\tRozszerzone posiedzenie plenarne UKU 10 wrze\u015bnia 2024 r.\t\t\t<\/a>\n\t\t<\/h3>\n\t\t\t\t<div class=\"elementor-post__excerpt\">\n\t\t\t<p>Zgodnie z ustaleniami z prof. Piotrem Stepnowskim \u2013 Przewodnicz\u0105cym KRUP nowej kadencji, rozszerzone posiedzenie plenarne Uniwersyteckiej Komisji Umi\u0119dzynarodowienia z udzia\u0142em cz\u0142onk\u00f3w Komisji up\u0142ywaj\u0105cej i nowej kadencji odb\u0119dzie si\u0119 w dniu<\/p>\n\t\t<\/div>\n\t\t\t\t\t<div class=\"elementor-post__read-more-wrapper\">\n\t\t\n\t\t<a class=\"elementor-post__read-more\" href=\"https:\/\/krup.edu.pl\/uku\/2025\/03\/12\/rozszerzone-posiedzenie-plenarne-uku-10-wrzesnia-2024-r\/\" aria-label=\"Read more about Rozszerzone posiedzenie plenarne UKU 10 wrze\u015bnia 2024 r.\" tabindex=\"-1\" >\n\t\t\tCzytaj wi\u0119cej \u00bb\t\t<\/a>\n\n\t\t\t\t\t<\/div>\n\t\t\t\t<\/div>\n\t\t\t\t<div class=\"elementor-post__meta-data\">\n\t\t\t\t\t<span class=\"elementor-post-date\">\n\t\t\t2025-03-12\t\t<\/span>\n\t\t\t\t<\/div>\n\t\t\t\t\t<\/div>\n\t\t<\/article>\n\t\t\t\t<article class=\"elementor-post elementor-grid-item post-967 post type-post status-publish format-standard hentry category-news\" role=\"listitem\">\n\t\t\t<div class=\"elementor-post__card\">\n\t\t\t\t<div class=\"elementor-post__text\">\n\t\t\t\t<h3 class=\"elementor-post__title\">\n\t\t\t<a href=\"https:\/\/krup.edu.pl\/uku\/2025\/02\/10\/rektor-ug-prof-piotr-stepnowski-wybrany-przewodniczacym-konferencji-rektorow-uniwersytetow-polskich\/\" >\n\t\t\t\tRektor UG prof. Piotr Stepnowski wybrany Przewodnicz\u0105cym Konferencji Rektor\u00f3w Uniwersytet\u00f3w Polskich!\t\t\t<\/a>\n\t\t<\/h3>\n\t\t\t\t<div class=\"elementor-post__excerpt\">\n\t\t\t<p>W dniu 28.06.2024 r. cz\u0142onkowie KRUP na posiedzeniu w Szkole G\u0142\u00f3wnej Handlowej jednomy\u015blnie wybrali na t\u0119 funkcj\u0119 Rektora UG prof. dr. hab. Piotra Stepnowskiego. Jego zast\u0119pcami w prezydium s\u0105: Rektor<\/p>\n\t\t<\/div>\n\t\t\t\t\t<div class=\"elementor-post__read-more-wrapper\">\n\t\t\n\t\t<a class=\"elementor-post__read-more\" href=\"https:\/\/krup.edu.pl\/uku\/2025\/02\/10\/rektor-ug-prof-piotr-stepnowski-wybrany-przewodniczacym-konferencji-rektorow-uniwersytetow-polskich\/\" aria-label=\"Read more about Rektor UG prof. Piotr Stepnowski wybrany Przewodnicz\u0105cym Konferencji Rektor\u00f3w Uniwersytet\u00f3w Polskich!\" tabindex=\"-1\" >\n\t\t\tCzytaj wi\u0119cej \u00bb\t\t<\/a>\n\n\t\t\t\t\t<\/div>\n\t\t\t\t<\/div>\n\t\t\t\t<div class=\"elementor-post__meta-data\">\n\t\t\t\t\t<span class=\"elementor-post-date\">\n\t\t\t2025-02-10\t\t<\/span>\n\t\t\t\t<\/div>\n\t\t\t\t\t<\/div>\n\t\t<\/article>\n\t\t\t\t<article class=\"elementor-post elementor-grid-item post-966 post type-post status-publish format-standard hentry category-posiedzenia-uku\" role=\"listitem\">\n\t\t\t<div class=\"elementor-post__card\">\n\t\t\t\t<div class=\"elementor-post__text\">\n\t\t\t\t<h3 class=\"elementor-post__title\">\n\t\t\t<a href=\"https:\/\/krup.edu.pl\/uku\/2025\/02\/10\/kolejne-posiedzenie-uku-13-15-czerwca-2024-r\/\" >\n\t\t\t\tKolejne posiedzenie UKU 13-15 czerwca 2024 r.\t\t\t<\/a>\n\t\t<\/h3>\n\t\t\t\t<div class=\"elementor-post__excerpt\">\n\t\t\t<p>Kolejne posiedzenie Uniwersyteckiej Komisji Umi\u0119dzynarodowienia Konferencji Rektor\u00f3w Uniwersytet\u00f3w Polskich odb\u0119dzie si\u0119 w dniach 13-15 czerwca 2024 roku na Uniwersytecie \u015al\u0105skim w Katowicach. &nbsp;<\/p>\n\t\t<\/div>\n\t\t\t\t\t<div class=\"elementor-post__read-more-wrapper\">\n\t\t\n\t\t<a class=\"elementor-post__read-more\" href=\"https:\/\/krup.edu.pl\/uku\/2025\/02\/10\/kolejne-posiedzenie-uku-13-15-czerwca-2024-r\/\" aria-label=\"Read more about Kolejne posiedzenie UKU 13-15 czerwca 2024 r.\" tabindex=\"-1\" >\n\t\t\tCzytaj wi\u0119cej \u00bb\t\t<\/a>\n\n\t\t\t\t\t<\/div>\n\t\t\t\t<\/div>\n\t\t\t\t<div class=\"elementor-post__meta-data\">\n\t\t\t\t\t<span class=\"elementor-post-date\">\n\t\t\t2025-02-10\t\t<\/span>\n\t\t\t\t<\/div>\n\t\t\t\t\t<\/div>\n\t\t<\/article>\n\t\t\t\t<article class=\"elementor-post elementor-grid-item post-965 post type-post status-publish format-standard hentry category-bez-kategorii\" role=\"listitem\">\n\t\t\t<div class=\"elementor-post__card\">\n\t\t\t\t<div class=\"elementor-post__text\">\n\t\t\t\t<h3 class=\"elementor-post__title\">\n\t\t\t<a href=\"https:\/\/krup.edu.pl\/uku\/2025\/02\/10\/miedzynarodowa-konferencja-x-ukrainsko-polskie-dialogi-naukowe-11-15-czerwca-2024-r-w-bydgoszczy\/\" >\n\t\t\t\tMi\u0119dzynarodowa Konferencja &#8222;X Ukrai\u0144sko-Polskie Dialogi Naukowe&#8221; 11-15 czerwca 2024 r. w Bydgoszczy\t\t\t<\/a>\n\t\t<\/h3>\n\t\t\t\t<div class=\"elementor-post__excerpt\">\n\t\t\t<p>Serdecznie zapraszamy do udzia\u0142u w mi\u0119dzynarodowej konferencji &#8222;X Ukrai\u0144sko-Polskie Dialogi Naukowe&#8221;, kt\u00f3ra jest wyj\u0105tkow\u0105 okazj\u0105 do wymiany wiedzy i do\u015bwiadcze\u0144 mi\u0119dzy uczonymi z Polski i Ukrainy. Jubileuszowa X. edycja konferencji,<\/p>\n\t\t<\/div>\n\t\t\t\t\t<div class=\"elementor-post__read-more-wrapper\">\n\t\t\n\t\t<a class=\"elementor-post__read-more\" href=\"https:\/\/krup.edu.pl\/uku\/2025\/02\/10\/miedzynarodowa-konferencja-x-ukrainsko-polskie-dialogi-naukowe-11-15-czerwca-2024-r-w-bydgoszczy\/\" aria-label=\"Read more about Mi\u0119dzynarodowa Konferencja &#8222;X Ukrai\u0144sko-Polskie Dialogi Naukowe&#8221; 11-15 czerwca 2024 r. w Bydgoszczy\" tabindex=\"-1\" >\n\t\t\tCzytaj wi\u0119cej \u00bb\t\t<\/a>\n\n\t\t\t\t\t<\/div>\n\t\t\t\t<\/div>\n\t\t\t\t<div class=\"elementor-post__meta-data\">\n\t\t\t\t\t<span class=\"elementor-post-date\">\n\t\t\t2025-02-10\t\t<\/span>\n\t\t\t\t<\/div>\n\t\t\t\t\t<\/div>\n\t\t<\/article>\n\t\t\t\t<article class=\"elementor-post elementor-grid-item post-964 post type-post status-publish format-standard hentry category-news\" role=\"listitem\">\n\t\t\t<div class=\"elementor-post__card\">\n\t\t\t\t<div class=\"elementor-post__text\">\n\t\t\t\t<h3 class=\"elementor-post__title\">\n\t\t\t<a href=\"https:\/\/krup.edu.pl\/uku\/2025\/02\/10\/prorektorka-prof-patrycja-matusz-z-uniwersytetu-wroclawskiego-pelnomocniczka-ministra-nauki\/\" >\n\t\t\t\tProrektorka prof. Patrycja Matusz z Uniwersytetu Wroc\u0142awskiego pe\u0142nomocniczk\u0105 Ministra Nauki\t\t\t<\/a>\n\t\t<\/h3>\n\t\t\t\t<div class=\"elementor-post__excerpt\">\n\t\t\t<p>Z wielk\u0105 przyjemno\u015bci\u0105 informujemy, \u017ce w dniu 6 marca 2024 roku, Minister Nauki Dariusz Wieczorek powo\u0142a\u0142 dr hab. Patrycj\u0119 Matusz, prof. UWr na funkcj\u0119 pe\u0142nomocniczki ministra nauki do spraw europejskich<\/p>\n\t\t<\/div>\n\t\t\t\t\t<div class=\"elementor-post__read-more-wrapper\">\n\t\t\n\t\t<a class=\"elementor-post__read-more\" href=\"https:\/\/krup.edu.pl\/uku\/2025\/02\/10\/prorektorka-prof-patrycja-matusz-z-uniwersytetu-wroclawskiego-pelnomocniczka-ministra-nauki\/\" aria-label=\"Read more about Prorektorka prof. Patrycja Matusz z Uniwersytetu Wroc\u0142awskiego pe\u0142nomocniczk\u0105 Ministra Nauki\" tabindex=\"-1\" >\n\t\t\tCzytaj wi\u0119cej \u00bb\t\t<\/a>\n\n\t\t\t\t\t<\/div>\n\t\t\t\t<\/div>\n\t\t\t\t<div class=\"elementor-post__meta-data\">\n\t\t\t\t\t<span class=\"elementor-post-date\">\n\t\t\t2025-02-10\t\t<\/span>\n\t\t\t\t<\/div>\n\t\t\t\t\t<\/div>\n\t\t<\/article>\n\t\t\t\t<article class=\"elementor-post elementor-grid-item post-963 post type-post status-publish format-standard hentry category-posiedzenia-uku\" role=\"listitem\">\n\t\t\t<div class=\"elementor-post__card\">\n\t\t\t\t<div class=\"elementor-post__text\">\n\t\t\t\t<h3 class=\"elementor-post__title\">\n\t\t\t<a href=\"https:\/\/krup.edu.pl\/uku\/2025\/02\/10\/wspolne-posiedzenie-komisji-ds-wspolpracy-miedzynarodowej-krasp-i-uniwersyteckiej-komisji-umiedzynarodowienia-krup-w-dniu-7-lutego-2024-r\/\" >\n\t\t\t\tWsp\u00f3lne posiedzenie Komisji ds. Wsp\u00f3\u0142pracy Mi\u0119dzynarodowej KRASP i Uniwersyteckiej Komisji Umi\u0119dzynarodowienia KRUP w dniu 7 lutego 2024 r\t\t\t<\/a>\n\t\t<\/h3>\n\t\t\t\t<div class=\"elementor-post__excerpt\">\n\t\t\t<p>Wsp\u00f3lne posiedzenie Komisji ds. Wsp\u00f3\u0142pracy Mi\u0119dzynarodowej KRASP i Uniwersyteckiej Komisji Umi\u0119dzynarodowienia KRUP odb\u0119dzie si\u0119 w dniu 7 lutego 2024 r. w Andersia Hotel &amp; Spa w Poznaniu (Plac Andersa 3,<\/p>\n\t\t<\/div>\n\t\t\t\t\t<div class=\"elementor-post__read-more-wrapper\">\n\t\t\n\t\t<a class=\"elementor-post__read-more\" href=\"https:\/\/krup.edu.pl\/uku\/2025\/02\/10\/wspolne-posiedzenie-komisji-ds-wspolpracy-miedzynarodowej-krasp-i-uniwersyteckiej-komisji-umiedzynarodowienia-krup-w-dniu-7-lutego-2024-r\/\" aria-label=\"Read more about Wsp\u00f3lne posiedzenie Komisji ds. Wsp\u00f3\u0142pracy Mi\u0119dzynarodowej KRASP i Uniwersyteckiej Komisji Umi\u0119dzynarodowienia KRUP w dniu 7 lutego 2024 r\" tabindex=\"-1\" >\n\t\t\tCzytaj wi\u0119cej \u00bb\t\t<\/a>\n\n\t\t\t\t\t<\/div>\n\t\t\t\t<\/div>\n\t\t\t\t<div class=\"elementor-post__meta-data\">\n\t\t\t\t\t<span class=\"elementor-post-date\">\n\t\t\t2025-02-10\t\t<\/span>\n\t\t\t\t<\/div>\n\t\t\t\t\t<\/div>\n\t\t<\/article>\n\t\t\t\t<article class=\"elementor-post elementor-grid-item post-962 post type-post status-publish format-standard hentry category-bez-kategorii\" role=\"listitem\">\n\t\t\t<div class=\"elementor-post__card\">\n\t\t\t\t<div class=\"elementor-post__text\">\n\t\t\t\t<h3 class=\"elementor-post__title\">\n\t\t\t<a href=\"https:\/\/krup.edu.pl\/uku\/2025\/02\/10\/4-konwersatorium-krakowskie-29-02-1-03-2024-r\/\" >\n\t\t\t\t4 Konwersatorium Krakowskie &#8211; 29.02-1.03.2024 r.\t\t\t<\/a>\n\t\t<\/h3>\n\t\t\t\t<div class=\"elementor-post__excerpt\">\n\t\t\t<p>Serdecznie zapraszamy na czwarte Konwersatorium Krakowskie, kt\u00f3re odb\u0119dzie si\u0119 w dniach 29.02-01.03.2024 r. w auli Akademii G\u00f3rniczo-Hutniczej im. Stanis\u0142awa Staszica w Krakowie. Zaproszenie Formularz rejestracyjny<\/p>\n\t\t<\/div>\n\t\t\t\t\t<div class=\"elementor-post__read-more-wrapper\">\n\t\t\n\t\t<a class=\"elementor-post__read-more\" href=\"https:\/\/krup.edu.pl\/uku\/2025\/02\/10\/4-konwersatorium-krakowskie-29-02-1-03-2024-r\/\" aria-label=\"Read more about 4 Konwersatorium Krakowskie &#8211; 29.02-1.03.2024 r.\" tabindex=\"-1\" >\n\t\t\tCzytaj wi\u0119cej \u00bb\t\t<\/a>\n\n\t\t\t\t\t<\/div>\n\t\t\t\t<\/div>\n\t\t\t\t<div class=\"elementor-post__meta-data\">\n\t\t\t\t\t<span class=\"elementor-post-date\">\n\t\t\t2025-02-10\t\t<\/span>\n\t\t\t\t<\/div>\n\t\t\t\t\t<\/div>\n\t\t<\/article>\n\t\t\t\t<\/div>\n\t\t\n\t\t\t\t<div class=\"e-load-more-anchor\" data-page=\"1\" data-max-page=\"3\" data-next-page=\"https:\/\/krup.edu.pl\/uku\/wp-json\/wp\/v2\/pages\/945\/page\/2\/\"><\/div>\n\t\t\t\t<nav class=\"elementor-pagination\" aria-label=\"Paginacja\">\n\t\t\t<span aria-current=\"page\" class=\"page-numbers current\"><span class=\"elementor-screen-only\">Strona<\/span>1<\/span>\n<a class=\"page-numbers\" href=\"https:\/\/krup.edu.pl\/uku\/wp-json\/wp\/v2\/pages\/945\/page\/2\/\"><span class=\"elementor-screen-only\">Strona<\/span>2<\/a>\n<a class=\"page-numbers\" href=\"https:\/\/krup.edu.pl\/uku\/wp-json\/wp\/v2\/pages\/945\/page\/3\/\"><span class=\"elementor-screen-only\">Strona<\/span>3<\/a>\t\t<\/nav>\n\t\t\t\t\t\t<\/div>\n\t\t\t\t<\/div>\n\t\t\t\t\t<\/div>\n\t\t\t\t<\/div>\n\t\t\t\t<\/div>\n\t\t","protected":false},"excerpt":{"rendered":"","protected":false},"author":2,"featured_media":0,"parent":0,"menu_order":0,"comment_status":"closed","ping_status":"closed","template":"","meta":{"_acf_changed":false,"footnotes":""},"class_list":["post-945","page","type-page","status-publish","hentry"],"acf":[],"_links":{"self":[{"href":"https:\/\/krup.edu.pl\/uku\/wp-json\/wp\/v2\/pages\/945","targetHints":{"allow":["GET"]}}],"collection":[{"href":"https:\/\/krup.edu.pl\/uku\/wp-json\/wp\/v2\/pages"}],"about":[{"href":"https:\/\/krup.edu.pl\/uku\/wp-json\/wp\/v2\/types\/page"}],"author":[{"embeddable":true,"href":"https:\/\/krup.edu.pl\/uku\/wp-json\/wp\/v2\/users\/2"}],"replies":[{"embeddable":true,"href":"https:\/\/krup.edu.pl\/uku\/wp-json\/wp\/v2\/comments?post=945"}],"version-history":[{"count":4,"href":"https:\/\/krup.edu.pl\/uku\/wp-json\/wp\/v2\/pages\/945\/revisions"}],"predecessor-version":[{"id":987,"href":"https:\/\/krup.edu.pl\/uku\/wp-json\/wp\/v2\/pages\/945\/revisions\/987"}],"wp:attachment":[{"href":"https:\/\/krup.edu.pl\/uku\/wp-json\/wp\/v2\/media?parent=945"}],"curies":[{"name":"wp","href":"https:\/\/api.w.org\/{rel}","templated":true}]}}