{"id":91,"date":"2025-01-22T14:15:25","date_gmt":"2025-01-22T13:15:25","guid":{"rendered":"https:\/\/krup.edu.pl\/ukf\/?page_id=91"},"modified":"2025-01-30T14:35:06","modified_gmt":"2025-01-30T13:35:06","slug":"strona-glowna","status":"publish","type":"page","link":"https:\/\/krup.edu.pl\/ukf\/","title":{"rendered":"Uniwersytecka Komisja Finans\u00f3w"},"content":{"rendered":"\t\t<div data-elementor-type=\"wp-page\" data-elementor-id=\"91\" class=\"elementor elementor-91\" data-elementor-post-type=\"page\">\n\t\t\t\t<div class=\"elementor-element elementor-element-14e4058 p-4 e-flex e-con-boxed e-con e-parent\" data-id=\"14e4058\" data-element_type=\"container\" data-e-type=\"container\" data-settings=\"{&quot;background_background&quot;:&quot;video&quot;,&quot;background_video_link&quot;:&quot;https:\\\/\\\/krup.edu.pl\\\/wp-content\\\/uploads\\\/2024\\\/11\\\/background_1.mp4&quot;,&quot;background_play_on_mobile&quot;:&quot;yes&quot;}\">\n\t\t\t\t\t<div class=\"e-con-inner\">\n\t\t<div class=\"elementor-background-video-container\">\n\t\t\t\t\t\t\t<video class=\"elementor-background-video-hosted\" role=\"presentation\" autoplay muted playsinline loop><\/video>\n\t\t\t\t\t<\/div>\t\t<div class=\"elementor-element elementor-element-416ae06 pb-5 elementor-invisible elementor-widget elementor-widget-heading\" data-id=\"416ae06\" data-element_type=\"widget\" data-e-type=\"widget\" data-settings=\"{&quot;_animation&quot;:&quot;fadeInDown&quot;}\" data-widget_type=\"heading.default\">\n\t\t\t\t<div class=\"elementor-widget-container\">\n\t\t\t\t\t<h1 class=\"elementor-heading-title elementor-size-default\">Uniwersytecka Komisja<br> Finansowa<\/h1>\t\t\t\t<\/div>\n\t\t\t\t<\/div>\n\t\t\t\t\t<\/div>\n\t\t\t\t<\/div>\n\t\t<div class=\"elementor-element elementor-element-4617e21 e-flex e-con-boxed e-con e-parent\" data-id=\"4617e21\" data-element_type=\"container\" data-e-type=\"container\">\n\t\t\t\t\t<div class=\"e-con-inner\">\n\t\t\t\t<div class=\"elementor-element elementor-element-02d0e1b elementor-invisible elementor-widget elementor-widget-text-editor\" data-id=\"02d0e1b\" data-element_type=\"widget\" data-e-type=\"widget\" data-settings=\"{&quot;_animation&quot;:&quot;fadeIn&quot;}\" data-widget_type=\"text-editor.default\">\n\t\t\t\t<div class=\"elementor-widget-container\">\n\t\t\t\t\t\t\t\t\t<p>Uniwersytecka Komisja Finansowa (UKF) zosta\u0142a afiliowana przy Konferencji Rektor\u00f3w Uniwersytet\u00f3w Polskich. Za dat\u0119 utworzenia Komisji przyjmujemy 19 marca 2004 r. Jej pierwszym przewodnicz\u0105cym zosta\u0142 prof. dr hab. Janusz Neider \u2013 Prorektor ds. rozwoju i finans\u00f3w Uniwersytetu Gda\u0144skiego.<\/p><p>Przedmiotem dzia\u0142a\u0144 UKF jest wymiana do\u015bwiadcze\u0144 w zakresie zarz\u0105dzania finansami uniwersytet\u00f3w w Polsce i sta\u0142e monitorowanie zmian zwi\u0105zanych z gospodark\u0105 finansow\u0105 uczelni.<\/p><p>Cz\u0142onkowie UKF spotykaj\u0105 si\u0119 trzy razy w roku. Zasadniczym forum dzia\u0142ania Komisji s\u0105 posiedzenia, kt\u00f3rych gospodarzem za ka\u017cdym razem jest inny Uniwersytet. Na posiedzenia zapraszani s\u0105 go\u015bcie specjalizuj\u0105cy si\u0119 w problematyce b\u0119d\u0105cej przedmiotem obrad a tak\u017ce przedstawiciele ministerstw.<\/p>\t\t\t\t\t\t\t\t<\/div>\n\t\t\t\t<\/div>\n\t\t\t\t\t<\/div>\n\t\t\t\t<\/div>\n\t\t<div class=\"elementor-element elementor-element-9f1fd78 p-4 py-9 e-flex e-con-boxed e-con e-parent\" data-id=\"9f1fd78\" data-element_type=\"container\" data-e-type=\"container\" data-settings=\"{&quot;background_background&quot;:&quot;gradient&quot;}\">\n\t\t\t\t\t<div class=\"e-con-inner\">\n\t\t<div class=\"elementor-element elementor-element-6743e21 e-con-full e-flex e-con e-child\" data-id=\"6743e21\" data-element_type=\"container\" data-e-type=\"container\">\n\t\t\t\t<div class=\"elementor-element elementor-element-b3cffaa shadow-lg elementor-view-default elementor-position-block-start elementor-mobile-position-block-start elementor-invisible elementor-widget elementor-widget-icon-box\" data-id=\"b3cffaa\" data-element_type=\"widget\" data-e-type=\"widget\" data-settings=\"{&quot;_animation&quot;:&quot;fadeIn&quot;}\" data-widget_type=\"icon-box.default\">\n\t\t\t\t<div class=\"elementor-widget-container\">\n\t\t\t\t\t\t\t<div class=\"elementor-icon-box-wrapper\">\n\n\t\t\t\t\t\t<div class=\"elementor-icon-box-icon\">\n\t\t\t\t<a href=\"https:\/\/krup.edu.pl\/ukf\/sklad-osobowy\/\" class=\"elementor-icon\" tabindex=\"-1\" aria-label=\"Sk\u0142ad osobowy\">\n\t\t\t\t<svg aria-hidden=\"true\" class=\"e-font-icon-svg e-fas-users\" viewBox=\"0 0 640 512\" xmlns=\"http:\/\/www.w3.org\/2000\/svg\"><path d=\"M96 224c35.3 0 64-28.7 64-64s-28.7-64-64-64-64 28.7-64 64 28.7 64 64 64zm448 0c35.3 0 64-28.7 64-64s-28.7-64-64-64-64 28.7-64 64 28.7 64 64 64zm32 32h-64c-17.6 0-33.5 7.1-45.1 18.6 40.3 22.1 68.9 62 75.1 109.4h66c17.7 0 32-14.3 32-32v-32c0-35.3-28.7-64-64-64zm-256 0c61.9 0 112-50.1 112-112S381.9 32 320 32 208 82.1 208 144s50.1 112 112 112zm76.8 32h-8.3c-20.8 10-43.9 16-68.5 16s-47.6-6-68.5-16h-8.3C179.6 288 128 339.6 128 403.2V432c0 26.5 21.5 48 48 48h288c26.5 0 48-21.5 48-48v-28.8c0-63.6-51.6-115.2-115.2-115.2zm-223.7-13.4C161.5 263.1 145.6 256 128 256H64c-35.3 0-64 28.7-64 64v32c0 17.7 14.3 32 32 32h65.9c6.3-47.4 34.9-87.3 75.2-109.4z\"><\/path><\/svg>\t\t\t\t<\/a>\n\t\t\t<\/div>\n\t\t\t\n\t\t\t\t\t\t<div class=\"elementor-icon-box-content\">\n\n\t\t\t\t\t\t\t\t\t<h3 class=\"elementor-icon-box-title\">\n\t\t\t\t\t\t<a href=\"https:\/\/krup.edu.pl\/ukf\/sklad-osobowy\/\" >\n\t\t\t\t\t\t\tSk\u0142ad osobowy\t\t\t\t\t\t<\/a>\n\t\t\t\t\t<\/h3>\n\t\t\t\t\n\t\t\t\t\n\t\t\t<\/div>\n\t\t\t\n\t\t<\/div>\n\t\t\t\t\t\t<\/div>\n\t\t\t\t<\/div>\n\t\t\t\t<\/div>\n\t\t<div class=\"elementor-element elementor-element-9210b61 e-con-full e-flex e-con e-child\" data-id=\"9210b61\" data-element_type=\"container\" data-e-type=\"container\">\n\t\t\t\t<div class=\"elementor-element elementor-element-24cafe8 shadow-lg elementor-view-default elementor-position-block-start elementor-mobile-position-block-start elementor-invisible elementor-widget elementor-widget-icon-box\" data-id=\"24cafe8\" data-element_type=\"widget\" data-e-type=\"widget\" data-settings=\"{&quot;_animation&quot;:&quot;fadeIn&quot;}\" data-widget_type=\"icon-box.default\">\n\t\t\t\t<div class=\"elementor-widget-container\">\n\t\t\t\t\t\t\t<div class=\"elementor-icon-box-wrapper\">\n\n\t\t\t\t\t\t<div class=\"elementor-icon-box-icon\">\n\t\t\t\t<a href=\"https:\/\/krup.edu.pl\/ukf\/dokumenty\/\" class=\"elementor-icon\" tabindex=\"-1\" aria-label=\"Dokumenty\">\n\t\t\t\t<svg aria-hidden=\"true\" class=\"e-font-icon-svg e-far-file-alt\" viewBox=\"0 0 384 512\" xmlns=\"http:\/\/www.w3.org\/2000\/svg\"><path d=\"M288 248v28c0 6.6-5.4 12-12 12H108c-6.6 0-12-5.4-12-12v-28c0-6.6 5.4-12 12-12h168c6.6 0 12 5.4 12 12zm-12 72H108c-6.6 0-12 5.4-12 12v28c0 6.6 5.4 12 12 12h168c6.6 0 12-5.4 12-12v-28c0-6.6-5.4-12-12-12zm108-188.1V464c0 26.5-21.5 48-48 48H48c-26.5 0-48-21.5-48-48V48C0 21.5 21.5 0 48 0h204.1C264.8 0 277 5.1 286 14.1L369.9 98c9 8.9 14.1 21.2 14.1 33.9zm-128-80V128h76.1L256 51.9zM336 464V176H232c-13.3 0-24-10.7-24-24V48H48v416h288z\"><\/path><\/svg>\t\t\t\t<\/a>\n\t\t\t<\/div>\n\t\t\t\n\t\t\t\t\t\t<div class=\"elementor-icon-box-content\">\n\n\t\t\t\t\t\t\t\t\t<h3 class=\"elementor-icon-box-title\">\n\t\t\t\t\t\t<a href=\"https:\/\/krup.edu.pl\/ukf\/dokumenty\/\" >\n\t\t\t\t\t\t\tDokumenty\t\t\t\t\t\t<\/a>\n\t\t\t\t\t<\/h3>\n\t\t\t\t\n\t\t\t\t\n\t\t\t<\/div>\n\t\t\t\n\t\t<\/div>\n\t\t\t\t\t\t<\/div>\n\t\t\t\t<\/div>\n\t\t\t\t<\/div>\n\t\t<div class=\"elementor-element elementor-element-3bd9b6c e-con-full e-flex e-con e-child\" data-id=\"3bd9b6c\" data-element_type=\"container\" data-e-type=\"container\">\n\t\t\t\t<div class=\"elementor-element elementor-element-dcfa07f shadow-lg elementor-view-default elementor-position-block-start elementor-mobile-position-block-start elementor-invisible elementor-widget elementor-widget-icon-box\" data-id=\"dcfa07f\" data-element_type=\"widget\" data-e-type=\"widget\" data-settings=\"{&quot;_animation&quot;:&quot;fadeIn&quot;}\" data-widget_type=\"icon-box.default\">\n\t\t\t\t<div class=\"elementor-widget-container\">\n\t\t\t\t\t\t\t<div class=\"elementor-icon-box-wrapper\">\n\n\t\t\t\t\t\t<div class=\"elementor-icon-box-icon\">\n\t\t\t\t<a href=\"https:\/\/krup.edu.pl\/ukf\/kontakt\/\" class=\"elementor-icon\" tabindex=\"-1\" aria-label=\"Kontakt\">\n\t\t\t\t<svg aria-hidden=\"true\" class=\"e-font-icon-svg e-far-envelope\" viewBox=\"0 0 512 512\" xmlns=\"http:\/\/www.w3.org\/2000\/svg\"><path d=\"M464 64H48C21.49 64 0 85.49 0 112v288c0 26.51 21.49 48 48 48h416c26.51 0 48-21.49 48-48V112c0-26.51-21.49-48-48-48zm0 48v40.805c-22.422 18.259-58.168 46.651-134.587 106.49-16.841 13.247-50.201 45.072-73.413 44.701-23.208.375-56.579-31.459-73.413-44.701C106.18 199.465 70.425 171.067 48 152.805V112h416zM48 400V214.398c22.914 18.251 55.409 43.862 104.938 82.646 21.857 17.205 60.134 55.186 103.062 54.955 42.717.231 80.509-37.199 103.053-54.947 49.528-38.783 82.032-64.401 104.947-82.653V400H48z\"><\/path><\/svg>\t\t\t\t<\/a>\n\t\t\t<\/div>\n\t\t\t\n\t\t\t\t\t\t<div class=\"elementor-icon-box-content\">\n\n\t\t\t\t\t\t\t\t\t<h3 class=\"elementor-icon-box-title\">\n\t\t\t\t\t\t<a href=\"https:\/\/krup.edu.pl\/ukf\/kontakt\/\" >\n\t\t\t\t\t\t\tKontakt\t\t\t\t\t\t<\/a>\n\t\t\t\t\t<\/h3>\n\t\t\t\t\n\t\t\t\t\n\t\t\t<\/div>\n\t\t\t\n\t\t<\/div>\n\t\t\t\t\t\t<\/div>\n\t\t\t\t<\/div>\n\t\t\t\t<\/div>\n\t\t\t\t\t<\/div>\n\t\t\t\t<\/div>\n\t\t<div class=\"elementor-element elementor-element-622291c p-4 md:py-5 e-flex e-con-boxed e-con e-parent\" data-id=\"622291c\" data-element_type=\"container\" data-e-type=\"container\" data-settings=\"{&quot;background_background&quot;:&quot;classic&quot;}\">\n\t\t\t\t\t<div class=\"e-con-inner\">\n\t\t\t\t<div class=\"elementor-element elementor-element-6ec0bff pb-5 elementor-widget elementor-widget-heading\" data-id=\"6ec0bff\" data-element_type=\"widget\" data-e-type=\"widget\" data-widget_type=\"heading.default\">\n\t\t\t\t<div class=\"elementor-widget-container\">\n\t\t\t\t\t<h2 class=\"elementor-heading-title elementor-size-default\">Aktualno\u015bci<\/h2>\t\t\t\t<\/div>\n\t\t\t\t<\/div>\n\t\t\t\t<div class=\"elementor-element elementor-element-b85bd49 elementor-posts--align-left elementor-grid-3 elementor-grid-tablet-2 elementor-grid-mobile-1 elementor-posts--thumbnail-top elementor-card-shadow-yes elementor-posts__hover-gradient elementor-invisible elementor-widget elementor-widget-posts\" data-id=\"b85bd49\" data-element_type=\"widget\" data-e-type=\"widget\" data-settings=\"{&quot;_animation&quot;:&quot;fadeIn&quot;,&quot;cards_columns&quot;:&quot;3&quot;,&quot;cards_columns_tablet&quot;:&quot;2&quot;,&quot;cards_columns_mobile&quot;:&quot;1&quot;,&quot;cards_row_gap&quot;:{&quot;unit&quot;:&quot;px&quot;,&quot;size&quot;:35,&quot;sizes&quot;:[]},&quot;cards_row_gap_tablet&quot;:{&quot;unit&quot;:&quot;px&quot;,&quot;size&quot;:&quot;&quot;,&quot;sizes&quot;:[]},&quot;cards_row_gap_mobile&quot;:{&quot;unit&quot;:&quot;px&quot;,&quot;size&quot;:&quot;&quot;,&quot;sizes&quot;:[]}}\" data-widget_type=\"posts.cards\">\n\t\t\t\t<div class=\"elementor-widget-container\">\n\t\t\t\t\t\t\t<div class=\"elementor-posts-container elementor-posts elementor-posts--skin-cards elementor-grid\" role=\"list\">\n\t\t\t\t<article class=\"elementor-post elementor-grid-item post-723 post type-post status-publish format-standard has-post-thumbnail hentry category-bez-kategorii\" role=\"listitem\">\n\t\t\t<div class=\"elementor-post__card\">\n\t\t\t\t<a class=\"elementor-post__thumbnail__link\" href=\"https:\/\/krup.edu.pl\/ukf\/ukf-obradowala-we-wroclawiu\/\" tabindex=\"-1\" ><div class=\"elementor-post__thumbnail\"><img fetchpriority=\"high\" decoding=\"async\" width=\"768\" height=\"512\" src=\"https:\/\/krup.edu.pl\/ukf\/wp-content\/uploads\/sites\/3\/2026\/03\/2026.04.24-Zjazd-prorektorow-22-768x512.jpg\" class=\"attachment-medium_large size-medium_large wp-image-728\" alt=\"\" srcset=\"https:\/\/krup.edu.pl\/ukf\/wp-content\/uploads\/sites\/3\/2026\/03\/2026.04.24-Zjazd-prorektorow-22-768x512.jpg 768w, https:\/\/krup.edu.pl\/ukf\/wp-content\/uploads\/sites\/3\/2026\/03\/2026.04.24-Zjazd-prorektorow-22-300x200.jpg 300w, https:\/\/krup.edu.pl\/ukf\/wp-content\/uploads\/sites\/3\/2026\/03\/2026.04.24-Zjazd-prorektorow-22-1024x683.jpg 1024w, https:\/\/krup.edu.pl\/ukf\/wp-content\/uploads\/sites\/3\/2026\/03\/2026.04.24-Zjazd-prorektorow-22-1536x1024.jpg 1536w, https:\/\/krup.edu.pl\/ukf\/wp-content\/uploads\/sites\/3\/2026\/03\/2026.04.24-Zjazd-prorektorow-22.jpg 1600w\" sizes=\"(max-width: 768px) 100vw, 768px\" \/><\/div><\/a>\n\t\t\t\t<div class=\"elementor-post__text\">\n\t\t\t\t<h3 class=\"elementor-post__title\">\n\t\t\t<a href=\"https:\/\/krup.edu.pl\/ukf\/ukf-obradowala-we-wroclawiu\/\" >\n\t\t\t\tUKF obradowa\u0142a we Wroc\u0142awiu\t\t\t<\/a>\n\t\t<\/h3>\n\t\t\t\t<div class=\"elementor-post__excerpt\">\n\t\t\t<p>W dniach 23-25 kwietnia w Uniwersytecie Wroc\u0142awskim oby\u0142o si\u0119 pierwsze w 2026roku posiedzenie Uniwersyteckiej Komisji Finansowej KRUP. Obrady otworzy\u0142 \u00a0Rektor Uniwersytetu Wroc\u0142awskiego prof. dr hab.<\/p>\n\t\t<\/div>\n\t\t\t\t\t<div class=\"elementor-post__read-more-wrapper\">\n\t\t\n\t\t<a class=\"elementor-post__read-more\" href=\"https:\/\/krup.edu.pl\/ukf\/ukf-obradowala-we-wroclawiu\/\" aria-label=\"Read more about UKF obradowa\u0142a we Wroc\u0142awiu\" tabindex=\"-1\" >\n\t\t\tCzytaj wi\u0119cej \u00bb\t\t<\/a>\n\n\t\t\t\t\t<\/div>\n\t\t\t\t<\/div>\n\t\t\t\t<div class=\"elementor-post__meta-data\">\n\t\t\t\t\t<span class=\"elementor-post-date\">\n\t\t\t2026-03-31\t\t<\/span>\n\t\t\t\t<\/div>\n\t\t\t\t\t<\/div>\n\t\t<\/article>\n\t\t\t\t<article class=\"elementor-post elementor-grid-item post-681 post type-post status-publish format-standard has-post-thumbnail hentry category-bez-kategorii\" role=\"listitem\">\n\t\t\t<div class=\"elementor-post__card\">\n\t\t\t\t<a class=\"elementor-post__thumbnail__link\" href=\"https:\/\/krup.edu.pl\/ukf\/ukf-obradowala-w-czestochowie\/\" tabindex=\"-1\" ><div class=\"elementor-post__thumbnail\"><img decoding=\"async\" width=\"768\" height=\"520\" src=\"https:\/\/krup.edu.pl\/ukf\/wp-content\/uploads\/sites\/3\/2025\/10\/6d752c15ea7c75389c26c959009ebf98-768x520.jpg\" class=\"attachment-medium_large size-medium_large wp-image-682\" alt=\"\" srcset=\"https:\/\/krup.edu.pl\/ukf\/wp-content\/uploads\/sites\/3\/2025\/10\/6d752c15ea7c75389c26c959009ebf98-768x520.jpg 768w, https:\/\/krup.edu.pl\/ukf\/wp-content\/uploads\/sites\/3\/2025\/10\/6d752c15ea7c75389c26c959009ebf98-300x203.jpg 300w, https:\/\/krup.edu.pl\/ukf\/wp-content\/uploads\/sites\/3\/2025\/10\/6d752c15ea7c75389c26c959009ebf98.jpg 800w\" sizes=\"(max-width: 768px) 100vw, 768px\" \/><\/div><\/a>\n\t\t\t\t<div class=\"elementor-post__text\">\n\t\t\t\t<h3 class=\"elementor-post__title\">\n\t\t\t<a href=\"https:\/\/krup.edu.pl\/ukf\/ukf-obradowala-w-czestochowie\/\" >\n\t\t\t\tUKF obradowa\u0142a w Cz\u0119stochowie\t\t\t<\/a>\n\t\t<\/h3>\n\t\t\t\t<div class=\"elementor-post__excerpt\">\n\t\t\t<p>W dniach 23-25 pa\u017adziernika w Uniwersytecie Jana D\u0142ugosza w Cz\u0119stochowie odby\u0142o si\u0119 ostatnie w 2025r. posiedzenie Uniwersyteckiej Komisji Finansowej. Obrady komisji wpisa\u0142y si\u0119 w uroczyste<\/p>\n\t\t<\/div>\n\t\t\t\t\t<div class=\"elementor-post__read-more-wrapper\">\n\t\t\n\t\t<a class=\"elementor-post__read-more\" href=\"https:\/\/krup.edu.pl\/ukf\/ukf-obradowala-w-czestochowie\/\" aria-label=\"Read more about UKF obradowa\u0142a w Cz\u0119stochowie\" tabindex=\"-1\" >\n\t\t\tCzytaj wi\u0119cej \u00bb\t\t<\/a>\n\n\t\t\t\t\t<\/div>\n\t\t\t\t<\/div>\n\t\t\t\t<div class=\"elementor-post__meta-data\">\n\t\t\t\t\t<span class=\"elementor-post-date\">\n\t\t\t2025-10-27\t\t<\/span>\n\t\t\t\t<\/div>\n\t\t\t\t\t<\/div>\n\t\t<\/article>\n\t\t\t\t<article class=\"elementor-post elementor-grid-item post-655 post type-post status-publish format-standard has-post-thumbnail hentry category-bez-kategorii\" role=\"listitem\">\n\t\t\t<div class=\"elementor-post__card\">\n\t\t\t\t<a class=\"elementor-post__thumbnail__link\" href=\"https:\/\/krup.edu.pl\/ukf\/ukf-obradowala-w-szczecinie\/\" tabindex=\"-1\" ><div class=\"elementor-post__thumbnail\"><img decoding=\"async\" width=\"768\" height=\"512\" src=\"https:\/\/krup.edu.pl\/ukf\/wp-content\/uploads\/sites\/3\/2025\/06\/krup-1-768x512.jpg\" class=\"attachment-medium_large size-medium_large wp-image-657\" alt=\"\" srcset=\"https:\/\/krup.edu.pl\/ukf\/wp-content\/uploads\/sites\/3\/2025\/06\/krup-1-768x512.jpg 768w, https:\/\/krup.edu.pl\/ukf\/wp-content\/uploads\/sites\/3\/2025\/06\/krup-1-300x200.jpg 300w, https:\/\/krup.edu.pl\/ukf\/wp-content\/uploads\/sites\/3\/2025\/06\/krup-1-1024x683.jpg 1024w, https:\/\/krup.edu.pl\/ukf\/wp-content\/uploads\/sites\/3\/2025\/06\/krup-1-1536x1024.jpg 1536w, https:\/\/krup.edu.pl\/ukf\/wp-content\/uploads\/sites\/3\/2025\/06\/krup-1-2048x1365.jpg 2048w\" sizes=\"(max-width: 768px) 100vw, 768px\" \/><\/div><\/a>\n\t\t\t\t<div class=\"elementor-post__text\">\n\t\t\t\t<h3 class=\"elementor-post__title\">\n\t\t\t<a href=\"https:\/\/krup.edu.pl\/ukf\/ukf-obradowala-w-szczecinie\/\" >\n\t\t\t\tUKF obradowa\u0142a w Szczecinie\t\t\t<\/a>\n\t\t<\/h3>\n\t\t\t\t<div class=\"elementor-post__excerpt\">\n\t\t\t<p>W dniach 12-14 czerwca 2025 r. odby\u0142o si\u0119 kolejne posiedzenie Uniwersyteckiej Komisji Finansowej KRUP. Gospodarzem spotkania by\u0142 Uniwersytet Szczeci\u0144ski na czele z JM Rektorem, prof.<\/p>\n\t\t<\/div>\n\t\t\t\t\t<div class=\"elementor-post__read-more-wrapper\">\n\t\t\n\t\t<a class=\"elementor-post__read-more\" href=\"https:\/\/krup.edu.pl\/ukf\/ukf-obradowala-w-szczecinie\/\" aria-label=\"Read more about UKF obradowa\u0142a w Szczecinie\" tabindex=\"-1\" >\n\t\t\tCzytaj wi\u0119cej \u00bb\t\t<\/a>\n\n\t\t\t\t\t<\/div>\n\t\t\t\t<\/div>\n\t\t\t\t<div class=\"elementor-post__meta-data\">\n\t\t\t\t\t<span class=\"elementor-post-date\">\n\t\t\t2025-06-18\t\t<\/span>\n\t\t\t\t<\/div>\n\t\t\t\t\t<\/div>\n\t\t<\/article>\n\t\t\t\t<\/div>\n\t\t\n\t\t\t\t\t\t<\/div>\n\t\t\t\t<\/div>\n\t\t\t\t\t<\/div>\n\t\t\t\t<\/div>\n\t\t\t\t<\/div>\n\t\t","protected":false},"excerpt":{"rendered":"<p>Uniwersytecka Komisja Finansowa Uniwersytecka Komisja Finansowa (UKF) zosta\u0142a afiliowana przy Konferencji Rektor\u00f3w Uniwersytet\u00f3w Polskich. Za dat\u0119 utworzenia Komisji przyjmujemy 19 marca 2004 r. Jej pierwszym przewodnicz\u0105cym zosta\u0142 prof. dr hab. Janusz Neider \u2013 Prorektor ds. rozwoju i finans\u00f3w Uniwersytetu Gda\u0144skiego. Przedmiotem dzia\u0142a\u0144 UKF jest wymiana do\u015bwiadcze\u0144 w zakresie zarz\u0105dzania finansami uniwersytet\u00f3w w Polsce i sta\u0142e [&hellip;]<\/p>\n","protected":false},"author":2,"featured_media":0,"parent":0,"menu_order":0,"comment_status":"closed","ping_status":"closed","template":"elementor_header_footer","meta":{"_acf_changed":false,"footnotes":""},"class_list":["post-91","page","type-page","status-publish","hentry"],"acf":[],"_links":{"self":[{"href":"https:\/\/krup.edu.pl\/ukf\/wp-json\/wp\/v2\/pages\/91","targetHints":{"allow":["GET"]}}],"collection":[{"href":"https:\/\/krup.edu.pl\/ukf\/wp-json\/wp\/v2\/pages"}],"about":[{"href":"https:\/\/krup.edu.pl\/ukf\/wp-json\/wp\/v2\/types\/page"}],"author":[{"embeddable":true,"href":"https:\/\/krup.edu.pl\/ukf\/wp-json\/wp\/v2\/users\/2"}],"replies":[{"embeddable":true,"href":"https:\/\/krup.edu.pl\/ukf\/wp-json\/wp\/v2\/comments?post=91"}],"version-history":[{"count":142,"href":"https:\/\/krup.edu.pl\/ukf\/wp-json\/wp\/v2\/pages\/91\/revisions"}],"predecessor-version":[{"id":617,"href":"https:\/\/krup.edu.pl\/ukf\/wp-json\/wp\/v2\/pages\/91\/revisions\/617"}],"wp:attachment":[{"href":"https:\/\/krup.edu.pl\/ukf\/wp-json\/wp\/v2\/media?parent=91"}],"curies":[{"name":"wp","href":"https:\/\/api.w.org\/{rel}","templated":true}]}}