{"id":463,"date":"2025-01-29T15:36:19","date_gmt":"2025-01-29T14:36:19","guid":{"rendered":"https:\/\/krup.edu.pl\/ukf\/?page_id=463"},"modified":"2025-01-30T08:47:56","modified_gmt":"2025-01-30T07:47:56","slug":"aktualnosci","status":"publish","type":"page","link":"https:\/\/krup.edu.pl\/ukf\/aktualnosci\/","title":{"rendered":"Aktualno\u015bci"},"content":{"rendered":"\t\t<div data-elementor-type=\"wp-page\" data-elementor-id=\"463\" class=\"elementor elementor-463\" data-elementor-post-type=\"page\">\n\t\t\t\t<div class=\"elementor-element elementor-element-133a090 e-flex e-con-boxed e-con e-parent\" data-id=\"133a090\" data-element_type=\"container\" data-e-type=\"container\">\n\t\t\t\t\t<div class=\"e-con-inner\">\n\t\t\t\t<div class=\"elementor-element elementor-element-eec9ac7 elementor-grid-2 elementor-grid-tablet-2 elementor-grid-mobile-1 elementor-posts--thumbnail-top elementor-card-shadow-yes elementor-posts__hover-gradient elementor-widget elementor-widget-posts\" data-id=\"eec9ac7\" data-element_type=\"widget\" data-e-type=\"widget\" data-settings=\"{&quot;cards_columns&quot;:&quot;2&quot;,&quot;pagination_type&quot;:&quot;load_more_infinite_scroll&quot;,&quot;cards_columns_tablet&quot;:&quot;2&quot;,&quot;cards_columns_mobile&quot;:&quot;1&quot;,&quot;cards_row_gap&quot;:{&quot;unit&quot;:&quot;px&quot;,&quot;size&quot;:35,&quot;sizes&quot;:[]},&quot;cards_row_gap_tablet&quot;:{&quot;unit&quot;:&quot;px&quot;,&quot;size&quot;:&quot;&quot;,&quot;sizes&quot;:[]},&quot;cards_row_gap_mobile&quot;:{&quot;unit&quot;:&quot;px&quot;,&quot;size&quot;:&quot;&quot;,&quot;sizes&quot;:[]},&quot;load_more_spinner&quot;:{&quot;value&quot;:&quot;fas fa-spinner&quot;,&quot;library&quot;:&quot;fa-solid&quot;}}\" data-widget_type=\"posts.cards\">\n\t\t\t\t<div class=\"elementor-widget-container\">\n\t\t\t\t\t\t\t<div class=\"elementor-posts-container elementor-posts elementor-posts--skin-cards elementor-grid\" role=\"list\">\n\t\t\t\t<article class=\"elementor-post elementor-grid-item post-723 post type-post status-publish format-standard has-post-thumbnail hentry category-bez-kategorii\" role=\"listitem\">\n\t\t\t<div class=\"elementor-post__card\">\n\t\t\t\t<a class=\"elementor-post__thumbnail__link\" href=\"https:\/\/krup.edu.pl\/ukf\/ukf-obradowala-we-wroclawiu\/\" tabindex=\"-1\" ><div class=\"elementor-post__thumbnail\"><img fetchpriority=\"high\" decoding=\"async\" width=\"800\" height=\"534\" src=\"https:\/\/krup.edu.pl\/ukf\/wp-content\/uploads\/sites\/3\/2026\/03\/2026.04.24-Zjazd-prorektorow-22-1024x683.jpg\" class=\"attachment-large size-large wp-image-728\" alt=\"\" srcset=\"https:\/\/krup.edu.pl\/ukf\/wp-content\/uploads\/sites\/3\/2026\/03\/2026.04.24-Zjazd-prorektorow-22-1024x683.jpg 1024w, https:\/\/krup.edu.pl\/ukf\/wp-content\/uploads\/sites\/3\/2026\/03\/2026.04.24-Zjazd-prorektorow-22-300x200.jpg 300w, https:\/\/krup.edu.pl\/ukf\/wp-content\/uploads\/sites\/3\/2026\/03\/2026.04.24-Zjazd-prorektorow-22-768x512.jpg 768w, https:\/\/krup.edu.pl\/ukf\/wp-content\/uploads\/sites\/3\/2026\/03\/2026.04.24-Zjazd-prorektorow-22-1536x1024.jpg 1536w, https:\/\/krup.edu.pl\/ukf\/wp-content\/uploads\/sites\/3\/2026\/03\/2026.04.24-Zjazd-prorektorow-22.jpg 1600w\" sizes=\"(max-width: 800px) 100vw, 800px\" \/><\/div><\/a>\n\t\t\t\t<div class=\"elementor-post__text\">\n\t\t\t\t<h3 class=\"elementor-post__title\">\n\t\t\t<a href=\"https:\/\/krup.edu.pl\/ukf\/ukf-obradowala-we-wroclawiu\/\" >\n\t\t\t\tUKF obradowa\u0142a we Wroc\u0142awiu\t\t\t<\/a>\n\t\t<\/h3>\n\t\t\t\t<div class=\"elementor-post__excerpt\">\n\t\t\t<p>W dniach 23-25 kwietnia w Uniwersytecie Wroc\u0142awskim oby\u0142o si\u0119 pierwsze w 2026roku posiedzenie Uniwersyteckiej Komisji Finansowej KRUP. Obrady otworzy\u0142 \u00a0Rektor Uniwersytetu Wroc\u0142awskiego prof. dr hab.<\/p>\n\t\t<\/div>\n\t\t\n\t\t<a class=\"elementor-post__read-more\" href=\"https:\/\/krup.edu.pl\/ukf\/ukf-obradowala-we-wroclawiu\/\" aria-label=\"Read more about UKF obradowa\u0142a we Wroc\u0142awiu\" tabindex=\"-1\" >\n\t\t\tCzytaj wi\u0119cej \u00bb\t\t<\/a>\n\n\t\t\t\t<\/div>\n\t\t\t\t<div class=\"elementor-post__meta-data\">\n\t\t\t\t\t<span class=\"elementor-post-date\">\n\t\t\t2026-03-31\t\t<\/span>\n\t\t\t\t<\/div>\n\t\t\t\t\t<\/div>\n\t\t<\/article>\n\t\t\t\t<article class=\"elementor-post elementor-grid-item post-681 post type-post status-publish format-standard has-post-thumbnail hentry category-bez-kategorii\" role=\"listitem\">\n\t\t\t<div class=\"elementor-post__card\">\n\t\t\t\t<a class=\"elementor-post__thumbnail__link\" href=\"https:\/\/krup.edu.pl\/ukf\/ukf-obradowala-w-czestochowie\/\" tabindex=\"-1\" ><div class=\"elementor-post__thumbnail\"><img decoding=\"async\" width=\"800\" height=\"542\" src=\"https:\/\/krup.edu.pl\/ukf\/wp-content\/uploads\/sites\/3\/2025\/10\/6d752c15ea7c75389c26c959009ebf98.jpg\" class=\"attachment-large size-large wp-image-682\" alt=\"\" srcset=\"https:\/\/krup.edu.pl\/ukf\/wp-content\/uploads\/sites\/3\/2025\/10\/6d752c15ea7c75389c26c959009ebf98.jpg 800w, https:\/\/krup.edu.pl\/ukf\/wp-content\/uploads\/sites\/3\/2025\/10\/6d752c15ea7c75389c26c959009ebf98-300x203.jpg 300w, https:\/\/krup.edu.pl\/ukf\/wp-content\/uploads\/sites\/3\/2025\/10\/6d752c15ea7c75389c26c959009ebf98-768x520.jpg 768w\" sizes=\"(max-width: 800px) 100vw, 800px\" \/><\/div><\/a>\n\t\t\t\t<div class=\"elementor-post__text\">\n\t\t\t\t<h3 class=\"elementor-post__title\">\n\t\t\t<a href=\"https:\/\/krup.edu.pl\/ukf\/ukf-obradowala-w-czestochowie\/\" >\n\t\t\t\tUKF obradowa\u0142a w Cz\u0119stochowie\t\t\t<\/a>\n\t\t<\/h3>\n\t\t\t\t<div class=\"elementor-post__excerpt\">\n\t\t\t<p>W dniach 23-25 pa\u017adziernika w Uniwersytecie Jana D\u0142ugosza w Cz\u0119stochowie odby\u0142o si\u0119 ostatnie w 2025r. posiedzenie Uniwersyteckiej Komisji Finansowej. Obrady komisji wpisa\u0142y si\u0119 w uroczyste<\/p>\n\t\t<\/div>\n\t\t\n\t\t<a class=\"elementor-post__read-more\" href=\"https:\/\/krup.edu.pl\/ukf\/ukf-obradowala-w-czestochowie\/\" aria-label=\"Read more about UKF obradowa\u0142a w Cz\u0119stochowie\" tabindex=\"-1\" >\n\t\t\tCzytaj wi\u0119cej \u00bb\t\t<\/a>\n\n\t\t\t\t<\/div>\n\t\t\t\t<div class=\"elementor-post__meta-data\">\n\t\t\t\t\t<span class=\"elementor-post-date\">\n\t\t\t2025-10-27\t\t<\/span>\n\t\t\t\t<\/div>\n\t\t\t\t\t<\/div>\n\t\t<\/article>\n\t\t\t\t<article class=\"elementor-post elementor-grid-item post-655 post type-post status-publish format-standard has-post-thumbnail hentry category-bez-kategorii\" role=\"listitem\">\n\t\t\t<div class=\"elementor-post__card\">\n\t\t\t\t<a class=\"elementor-post__thumbnail__link\" href=\"https:\/\/krup.edu.pl\/ukf\/ukf-obradowala-w-szczecinie\/\" tabindex=\"-1\" ><div class=\"elementor-post__thumbnail\"><img decoding=\"async\" width=\"800\" height=\"534\" src=\"https:\/\/krup.edu.pl\/ukf\/wp-content\/uploads\/sites\/3\/2025\/06\/krup-1-1024x683.jpg\" class=\"attachment-large size-large wp-image-657\" alt=\"\" srcset=\"https:\/\/krup.edu.pl\/ukf\/wp-content\/uploads\/sites\/3\/2025\/06\/krup-1-1024x683.jpg 1024w, https:\/\/krup.edu.pl\/ukf\/wp-content\/uploads\/sites\/3\/2025\/06\/krup-1-300x200.jpg 300w, https:\/\/krup.edu.pl\/ukf\/wp-content\/uploads\/sites\/3\/2025\/06\/krup-1-768x512.jpg 768w, https:\/\/krup.edu.pl\/ukf\/wp-content\/uploads\/sites\/3\/2025\/06\/krup-1-1536x1024.jpg 1536w, https:\/\/krup.edu.pl\/ukf\/wp-content\/uploads\/sites\/3\/2025\/06\/krup-1-2048x1365.jpg 2048w\" sizes=\"(max-width: 800px) 100vw, 800px\" \/><\/div><\/a>\n\t\t\t\t<div class=\"elementor-post__text\">\n\t\t\t\t<h3 class=\"elementor-post__title\">\n\t\t\t<a href=\"https:\/\/krup.edu.pl\/ukf\/ukf-obradowala-w-szczecinie\/\" >\n\t\t\t\tUKF obradowa\u0142a w Szczecinie\t\t\t<\/a>\n\t\t<\/h3>\n\t\t\t\t<div class=\"elementor-post__excerpt\">\n\t\t\t<p>W dniach 12-14 czerwca 2025 r. odby\u0142o si\u0119 kolejne posiedzenie Uniwersyteckiej Komisji Finansowej KRUP. Gospodarzem spotkania by\u0142 Uniwersytet Szczeci\u0144ski na czele z JM Rektorem, prof.<\/p>\n\t\t<\/div>\n\t\t\n\t\t<a class=\"elementor-post__read-more\" href=\"https:\/\/krup.edu.pl\/ukf\/ukf-obradowala-w-szczecinie\/\" aria-label=\"Read more about UKF obradowa\u0142a w Szczecinie\" tabindex=\"-1\" >\n\t\t\tCzytaj wi\u0119cej \u00bb\t\t<\/a>\n\n\t\t\t\t<\/div>\n\t\t\t\t<div class=\"elementor-post__meta-data\">\n\t\t\t\t\t<span class=\"elementor-post-date\">\n\t\t\t2025-06-18\t\t<\/span>\n\t\t\t\t<\/div>\n\t\t\t\t\t<\/div>\n\t\t<\/article>\n\t\t\t\t<article class=\"elementor-post elementor-grid-item post-626 post type-post status-publish format-standard has-post-thumbnail hentry category-bez-kategorii\" role=\"listitem\">\n\t\t\t<div class=\"elementor-post__card\">\n\t\t\t\t<a class=\"elementor-post__thumbnail__link\" href=\"https:\/\/krup.edu.pl\/ukf\/ukf-obradowala-w-opolu\/\" tabindex=\"-1\" ><div class=\"elementor-post__thumbnail\"><img loading=\"lazy\" decoding=\"async\" width=\"800\" height=\"534\" src=\"https:\/\/krup.edu.pl\/ukf\/wp-content\/uploads\/sites\/3\/2025\/04\/dsc01762_54475327675_o-1024x683.jpg\" class=\"attachment-large size-large wp-image-627\" alt=\"\" srcset=\"https:\/\/krup.edu.pl\/ukf\/wp-content\/uploads\/sites\/3\/2025\/04\/dsc01762_54475327675_o-1024x683.jpg 1024w, https:\/\/krup.edu.pl\/ukf\/wp-content\/uploads\/sites\/3\/2025\/04\/dsc01762_54475327675_o-300x200.jpg 300w, https:\/\/krup.edu.pl\/ukf\/wp-content\/uploads\/sites\/3\/2025\/04\/dsc01762_54475327675_o-768x512.jpg 768w, https:\/\/krup.edu.pl\/ukf\/wp-content\/uploads\/sites\/3\/2025\/04\/dsc01762_54475327675_o-1536x1025.jpg 1536w, https:\/\/krup.edu.pl\/ukf\/wp-content\/uploads\/sites\/3\/2025\/04\/dsc01762_54475327675_o-2048x1366.jpg 2048w\" sizes=\"(max-width: 800px) 100vw, 800px\" \/><\/div><\/a>\n\t\t\t\t<div class=\"elementor-post__text\">\n\t\t\t\t<h3 class=\"elementor-post__title\">\n\t\t\t<a href=\"https:\/\/krup.edu.pl\/ukf\/ukf-obradowala-w-opolu\/\" >\n\t\t\t\tUKF obradowa\u0142a w Opolu\t\t\t<\/a>\n\t\t<\/h3>\n\t\t\t\t<div class=\"elementor-post__excerpt\">\n\t\t\t<p>W dniach 24-26 kwietnia w stolicy polskiej piosenki odby\u0142o si\u0119 pierwsze w tym roku posiedzenie Uniwersyteckiej Komisji Finansowej. Go\u015bcinne mury Uniwersytetu Opolskiego zgromadzi\u0142y prorektor\u00f3w i<\/p>\n\t\t<\/div>\n\t\t\n\t\t<a class=\"elementor-post__read-more\" href=\"https:\/\/krup.edu.pl\/ukf\/ukf-obradowala-w-opolu\/\" aria-label=\"Read more about UKF obradowa\u0142a w Opolu\" tabindex=\"-1\" >\n\t\t\tCzytaj wi\u0119cej \u00bb\t\t<\/a>\n\n\t\t\t\t<\/div>\n\t\t\t\t<div class=\"elementor-post__meta-data\">\n\t\t\t\t\t<span class=\"elementor-post-date\">\n\t\t\t2025-04-28\t\t<\/span>\n\t\t\t\t<\/div>\n\t\t\t\t\t<\/div>\n\t\t<\/article>\n\t\t\t\t<article class=\"elementor-post elementor-grid-item post-530 post type-post status-publish format-standard has-post-thumbnail hentry category-bez-kategorii\" role=\"listitem\">\n\t\t\t<div class=\"elementor-post__card\">\n\t\t\t\t<a class=\"elementor-post__thumbnail__link\" href=\"https:\/\/krup.edu.pl\/ukf\/ukf-obradowala-w-bydgoszczy\/\" tabindex=\"-1\" ><div class=\"elementor-post__thumbnail\"><img loading=\"lazy\" decoding=\"async\" width=\"800\" height=\"437\" src=\"https:\/\/krup.edu.pl\/ukf\/wp-content\/uploads\/sites\/3\/2025\/01\/KRUP_20241025_008-e1738232721714-1024x559.jpg\" class=\"attachment-large size-large wp-image-531\" alt=\"\" srcset=\"https:\/\/krup.edu.pl\/ukf\/wp-content\/uploads\/sites\/3\/2025\/01\/KRUP_20241025_008-e1738232721714-1024x559.jpg 1024w, https:\/\/krup.edu.pl\/ukf\/wp-content\/uploads\/sites\/3\/2025\/01\/KRUP_20241025_008-e1738232721714-300x164.jpg 300w, https:\/\/krup.edu.pl\/ukf\/wp-content\/uploads\/sites\/3\/2025\/01\/KRUP_20241025_008-e1738232721714-768x419.jpg 768w, https:\/\/krup.edu.pl\/ukf\/wp-content\/uploads\/sites\/3\/2025\/01\/KRUP_20241025_008-e1738232721714-1536x838.jpg 1536w, https:\/\/krup.edu.pl\/ukf\/wp-content\/uploads\/sites\/3\/2025\/01\/KRUP_20241025_008-e1738232721714.jpg 1833w\" sizes=\"(max-width: 800px) 100vw, 800px\" \/><\/div><\/a>\n\t\t\t\t<div class=\"elementor-post__text\">\n\t\t\t\t<h3 class=\"elementor-post__title\">\n\t\t\t<a href=\"https:\/\/krup.edu.pl\/ukf\/ukf-obradowala-w-bydgoszczy\/\" >\n\t\t\t\tUKF obradowa\u0142a w Bydgoszczy\t\t\t<\/a>\n\t\t<\/h3>\n\t\t\t\t<div class=\"elementor-post__excerpt\">\n\t\t\t<p>W dniach 24-26 pa\u017adziernika br. odby\u0142o si\u0119 spotkanie cz\u0142onk\u00f3w Uniwersyteckiej Komisji Finansowej w Uniwersytecie Kazimierza Wielkiego w Bydgoszczy. Obrady \u00a0w dniu 25 pa\u017adziernika zainaugurowa\u0142y oficjalnie<\/p>\n\t\t<\/div>\n\t\t\n\t\t<a class=\"elementor-post__read-more\" href=\"https:\/\/krup.edu.pl\/ukf\/ukf-obradowala-w-bydgoszczy\/\" aria-label=\"Read more about UKF obradowa\u0142a w Bydgoszczy\" tabindex=\"-1\" >\n\t\t\tCzytaj wi\u0119cej \u00bb\t\t<\/a>\n\n\t\t\t\t<\/div>\n\t\t\t\t<div class=\"elementor-post__meta-data\">\n\t\t\t\t\t<span class=\"elementor-post-date\">\n\t\t\t2025-01-30\t\t<\/span>\n\t\t\t\t<\/div>\n\t\t\t\t\t<\/div>\n\t\t<\/article>\n\t\t\t\t<article class=\"elementor-post elementor-grid-item post-427 post type-post status-publish format-standard has-post-thumbnail hentry category-bez-kategorii\" role=\"listitem\">\n\t\t\t<div class=\"elementor-post__card\">\n\t\t\t\t<a class=\"elementor-post__thumbnail__link\" href=\"https:\/\/krup.edu.pl\/ukf\/wspolne-posiedzenie-ukf-w-uniwersytecie-jagiellonskim-w-krakowie\/\" tabindex=\"-1\" ><div class=\"elementor-post__thumbnail\"><img loading=\"lazy\" decoding=\"async\" width=\"800\" height=\"534\" src=\"https:\/\/krup.edu.pl\/ukf\/wp-content\/uploads\/sites\/3\/2025\/01\/dsc_5945_1-1024x683.webp\" class=\"attachment-large size-large wp-image-430\" alt=\"\" srcset=\"https:\/\/krup.edu.pl\/ukf\/wp-content\/uploads\/sites\/3\/2025\/01\/dsc_5945_1-1024x683.webp 1024w, https:\/\/krup.edu.pl\/ukf\/wp-content\/uploads\/sites\/3\/2025\/01\/dsc_5945_1-300x200.webp 300w, https:\/\/krup.edu.pl\/ukf\/wp-content\/uploads\/sites\/3\/2025\/01\/dsc_5945_1-768x512.webp 768w, https:\/\/krup.edu.pl\/ukf\/wp-content\/uploads\/sites\/3\/2025\/01\/dsc_5945_1-1536x1024.webp 1536w, https:\/\/krup.edu.pl\/ukf\/wp-content\/uploads\/sites\/3\/2025\/01\/dsc_5945_1.webp 1600w\" sizes=\"(max-width: 800px) 100vw, 800px\" \/><\/div><\/a>\n\t\t\t\t<div class=\"elementor-post__text\">\n\t\t\t\t<h3 class=\"elementor-post__title\">\n\t\t\t<a href=\"https:\/\/krup.edu.pl\/ukf\/wspolne-posiedzenie-ukf-w-uniwersytecie-jagiellonskim-w-krakowie\/\" >\n\t\t\t\tWsp\u00f3lne posiedzenie UKF w Uniwersytecie Jagiello\u0144skim w Krakowie\t\t\t<\/a>\n\t\t<\/h3>\n\t\t\t\t<div class=\"elementor-post__excerpt\">\n\t\t\t<p>W dniach 3-4 wrze\u015bnia br. w Uniwersytecie Jagiello\u0144skim w Krakowie odby\u0142o si\u0119 ostatnie w kadencji 2020-2024 i zarazem pierwsze w kolejnej kadencji posiedzenie Uniwersyteckiej Komisji<\/p>\n\t\t<\/div>\n\t\t\n\t\t<a class=\"elementor-post__read-more\" href=\"https:\/\/krup.edu.pl\/ukf\/wspolne-posiedzenie-ukf-w-uniwersytecie-jagiellonskim-w-krakowie\/\" aria-label=\"Read more about Wsp\u00f3lne posiedzenie UKF w Uniwersytecie Jagiello\u0144skim w Krakowie\" tabindex=\"-1\" >\n\t\t\tCzytaj wi\u0119cej \u00bb\t\t<\/a>\n\n\t\t\t\t<\/div>\n\t\t\t\t<div class=\"elementor-post__meta-data\">\n\t\t\t\t\t<span class=\"elementor-post-date\">\n\t\t\t2025-01-29\t\t<\/span>\n\t\t\t\t<\/div>\n\t\t\t\t\t<\/div>\n\t\t<\/article>\n\t\t\t\t<article class=\"elementor-post elementor-grid-item post-413 post type-post status-publish format-standard has-post-thumbnail hentry category-bez-kategorii\" role=\"listitem\">\n\t\t\t<div class=\"elementor-post__card\">\n\t\t\t\t<a class=\"elementor-post__thumbnail__link\" href=\"https:\/\/krup.edu.pl\/ukf\/ukf-obradowala-w-warszawie\/\" tabindex=\"-1\" ><div class=\"elementor-post__thumbnail\"><img loading=\"lazy\" decoding=\"async\" width=\"800\" height=\"534\" src=\"https:\/\/krup.edu.pl\/ukf\/wp-content\/uploads\/sites\/3\/2025\/01\/dsc08630-1024x683.webp\" class=\"attachment-large size-large wp-image-425\" alt=\"\" srcset=\"https:\/\/krup.edu.pl\/ukf\/wp-content\/uploads\/sites\/3\/2025\/01\/dsc08630-1024x683.webp 1024w, https:\/\/krup.edu.pl\/ukf\/wp-content\/uploads\/sites\/3\/2025\/01\/dsc08630-300x200.webp 300w, https:\/\/krup.edu.pl\/ukf\/wp-content\/uploads\/sites\/3\/2025\/01\/dsc08630-768x512.webp 768w, https:\/\/krup.edu.pl\/ukf\/wp-content\/uploads\/sites\/3\/2025\/01\/dsc08630-1536x1024.webp 1536w, https:\/\/krup.edu.pl\/ukf\/wp-content\/uploads\/sites\/3\/2025\/01\/dsc08630.webp 1600w\" sizes=\"(max-width: 800px) 100vw, 800px\" \/><\/div><\/a>\n\t\t\t\t<div class=\"elementor-post__text\">\n\t\t\t\t<h3 class=\"elementor-post__title\">\n\t\t\t<a href=\"https:\/\/krup.edu.pl\/ukf\/ukf-obradowala-w-warszawie\/\" >\n\t\t\t\tUKF obradowa\u0142a w Warszawie\t\t\t<\/a>\n\t\t<\/h3>\n\t\t\t\t<div class=\"elementor-post__excerpt\">\n\t\t\t<p>20 czerwca Uniwersytecka Komisja Finansowa KRUP obradowa\u0142a w Warszawie. Gospodarzem dwunastego w kadencji 2020-2024 posiedzenia Komisji by\u0142 Uniwersytet Warszawski &#8211; na czele z JM Rektorem<\/p>\n\t\t<\/div>\n\t\t\n\t\t<a class=\"elementor-post__read-more\" href=\"https:\/\/krup.edu.pl\/ukf\/ukf-obradowala-w-warszawie\/\" aria-label=\"Read more about UKF obradowa\u0142a w Warszawie\" tabindex=\"-1\" >\n\t\t\tCzytaj wi\u0119cej \u00bb\t\t<\/a>\n\n\t\t\t\t<\/div>\n\t\t\t\t<div class=\"elementor-post__meta-data\">\n\t\t\t\t\t<span class=\"elementor-post-date\">\n\t\t\t2025-01-29\t\t<\/span>\n\t\t\t\t<\/div>\n\t\t\t\t\t<\/div>\n\t\t<\/article>\n\t\t\t\t<article class=\"elementor-post elementor-grid-item post-406 post type-post status-publish format-standard has-post-thumbnail hentry category-bez-kategorii\" role=\"listitem\">\n\t\t\t<div class=\"elementor-post__card\">\n\t\t\t\t<a class=\"elementor-post__thumbnail__link\" href=\"https:\/\/krup.edu.pl\/ukf\/ukf-obradowala-w-wilnie\/\" tabindex=\"-1\" ><div class=\"elementor-post__thumbnail\"><img loading=\"lazy\" decoding=\"async\" width=\"800\" height=\"600\" src=\"https:\/\/krup.edu.pl\/ukf\/wp-content\/uploads\/sites\/3\/2025\/01\/image15_easy-resize.com_-1024x768.jpg\" class=\"attachment-large size-large wp-image-411\" alt=\"\" srcset=\"https:\/\/krup.edu.pl\/ukf\/wp-content\/uploads\/sites\/3\/2025\/01\/image15_easy-resize.com_-1024x768.jpg 1024w, https:\/\/krup.edu.pl\/ukf\/wp-content\/uploads\/sites\/3\/2025\/01\/image15_easy-resize.com_-300x225.jpg 300w, https:\/\/krup.edu.pl\/ukf\/wp-content\/uploads\/sites\/3\/2025\/01\/image15_easy-resize.com_-768x576.jpg 768w, https:\/\/krup.edu.pl\/ukf\/wp-content\/uploads\/sites\/3\/2025\/01\/image15_easy-resize.com_.jpg 1280w\" sizes=\"(max-width: 800px) 100vw, 800px\" \/><\/div><\/a>\n\t\t\t\t<div class=\"elementor-post__text\">\n\t\t\t\t<h3 class=\"elementor-post__title\">\n\t\t\t<a href=\"https:\/\/krup.edu.pl\/ukf\/ukf-obradowala-w-wilnie\/\" >\n\t\t\t\tUKF obradowa\u0142a w Wilnie\t\t\t<\/a>\n\t\t<\/h3>\n\t\t\t\t<div class=\"elementor-post__excerpt\">\n\t\t\t<p>W dniach 18-20 kwietnia 2024 r. w wile\u0144skiej Filii Uniwersytetu w Bia\u0142ymstoku odby\u0142o si\u0119 kolejne, przedostatnie ju\u017c w tej kadencji, posiedzenie Uniwersyteckiej Komisji Finansowej KRUP.<\/p>\n\t\t<\/div>\n\t\t\n\t\t<a class=\"elementor-post__read-more\" href=\"https:\/\/krup.edu.pl\/ukf\/ukf-obradowala-w-wilnie\/\" aria-label=\"Read more about UKF obradowa\u0142a w Wilnie\" tabindex=\"-1\" >\n\t\t\tCzytaj wi\u0119cej \u00bb\t\t<\/a>\n\n\t\t\t\t<\/div>\n\t\t\t\t<div class=\"elementor-post__meta-data\">\n\t\t\t\t\t<span class=\"elementor-post-date\">\n\t\t\t2025-01-29\t\t<\/span>\n\t\t\t\t<\/div>\n\t\t\t\t\t<\/div>\n\t\t<\/article>\n\t\t\t\t<\/div>\n\t\t\t\t\t<span class=\"e-load-more-spinner\">\n\t\t\t\t<svg aria-hidden=\"true\" class=\"e-font-icon-svg e-fas-spinner\" viewBox=\"0 0 512 512\" xmlns=\"http:\/\/www.w3.org\/2000\/svg\"><path d=\"M304 48c0 26.51-21.49 48-48 48s-48-21.49-48-48 21.49-48 48-48 48 21.49 48 48zm-48 368c-26.51 0-48 21.49-48 48s21.49 48 48 48 48-21.49 48-48-21.49-48-48-48zm208-208c-26.51 0-48 21.49-48 48s21.49 48 48 48 48-21.49 48-48-21.49-48-48-48zM96 256c0-26.51-21.49-48-48-48S0 229.49 0 256s21.49 48 48 48 48-21.49 48-48zm12.922 99.078c-26.51 0-48 21.49-48 48s21.49 48 48 48 48-21.49 48-48c0-26.509-21.491-48-48-48zm294.156 0c-26.51 0-48 21.49-48 48s21.49 48 48 48 48-21.49 48-48c0-26.509-21.49-48-48-48zM108.922 60.922c-26.51 0-48 21.49-48 48s21.49 48 48 48 48-21.49 48-48-21.491-48-48-48z\"><\/path><\/svg>\t\t\t<\/span>\n\t\t\n\t\t\t\t\t\t<\/div>\n\t\t\t\t<\/div>\n\t\t\t\t\t<\/div>\n\t\t\t\t<\/div>\n\t\t\t\t<\/div>\n\t\t","protected":false},"excerpt":{"rendered":"","protected":false},"author":2,"featured_media":0,"parent":0,"menu_order":0,"comment_status":"closed","ping_status":"closed","template":"","meta":{"_acf_changed":false,"footnotes":""},"class_list":["post-463","page","type-page","status-publish","hentry"],"acf":[],"_links":{"self":[{"href":"https:\/\/krup.edu.pl\/ukf\/wp-json\/wp\/v2\/pages\/463","targetHints":{"allow":["GET"]}}],"collection":[{"href":"https:\/\/krup.edu.pl\/ukf\/wp-json\/wp\/v2\/pages"}],"about":[{"href":"https:\/\/krup.edu.pl\/ukf\/wp-json\/wp\/v2\/types\/page"}],"author":[{"embeddable":true,"href":"https:\/\/krup.edu.pl\/ukf\/wp-json\/wp\/v2\/users\/2"}],"replies":[{"embeddable":true,"href":"https:\/\/krup.edu.pl\/ukf\/wp-json\/wp\/v2\/comments?post=463"}],"version-history":[{"count":10,"href":"https:\/\/krup.edu.pl\/ukf\/wp-json\/wp\/v2\/pages\/463\/revisions"}],"predecessor-version":[{"id":508,"href":"https:\/\/krup.edu.pl\/ukf\/wp-json\/wp\/v2\/pages\/463\/revisions\/508"}],"wp:attachment":[{"href":"https:\/\/krup.edu.pl\/ukf\/wp-json\/wp\/v2\/media?parent=463"}],"curies":[{"name":"wp","href":"https:\/\/api.w.org\/{rel}","templated":true}]}}