{"id":385,"date":"2025-01-29T12:25:57","date_gmt":"2025-01-29T11:25:57","guid":{"rendered":"https:\/\/krup.edu.pl\/ukf\/?page_id=385"},"modified":"2025-01-29T15:18:06","modified_gmt":"2025-01-29T14:18:06","slug":"archiwum","status":"publish","type":"page","link":"https:\/\/krup.edu.pl\/ukf\/dokumenty\/archiwum\/","title":{"rendered":"Archiwum"},"content":{"rendered":"<ul>\n<li><a href=\"https:\/\/krup.edu.pl\/ukf\/wp-content\/uploads\/sites\/3\/2025\/01\/protokol_krakow_04_09_2024.pdf\">Protok\u00f3\u0142 z posiedzenia UKF w Uniwersytecie Jagiello\u0144skim w Krakowie 4 wrze\u015bnia 2024 r.<\/a><\/li>\n<li><a href=\"https:\/\/krup.edu.pl\/ukf\/wp-content\/uploads\/sites\/3\/2025\/01\/protokol_warszawa.pdf\">Protok\u00f3\u0142 z posiedzenia UKF w Uniwersytecie Warszawskim 20 czerwca 2024 r.<\/a><\/li>\n<li><a href=\"https:\/\/krup.edu.pl\/ukf\/wp-content\/uploads\/sites\/3\/2025\/01\/protokol_z_posiedzenia_ukf_wilno_19.04.2024.pdf\">Protok\u00f3\u0142 z posiedzenia UKF w Uniwersytecie w Bia\u0142ymstoku (Filia w Wilnie) 19 kwietnia 2024 r.<\/a><\/li>\n<li><a href=\"https:\/\/krup.edu.pl\/ukf\/wp-content\/uploads\/sites\/3\/2025\/01\/uchwala_ukf_nr_3.pdf\">Uchwa\u0142a Nr 3 Uniwersyteckiej Komisji Finansowej KRUP z dnia 19 kwietnia 2024 r.<\/a><\/li>\n<li><a href=\"https:\/\/krup.edu.pl\/ukf\/wp-content\/uploads\/sites\/3\/2025\/01\/uchwala_ukf_nr_2.pdf\">Uchwa\u0142a Nr 2 Uniwersyteckiej Komisji Finansowej KRUP z dnia 19 kwietnia 2024 r.<\/a><\/li>\n<li><a href=\"https:\/\/krup.edu.pl\/ukf\/wp-content\/uploads\/sites\/3\/2025\/01\/uchwala_ukf_nr_1.pdf\">Uchwa\u0142a Nr 1 Uniwersyteckiej Komisji Finansowej KRUP z dnia 19 kwietnia 2024 r.<\/a><\/li>\n<li><a href=\"https:\/\/krup.edu.pl\/ukf\/wp-content\/uploads\/sites\/3\/2025\/01\/protokol_ukf_zielona_gora_27.10.2023.pdf\">Protok\u00f3\u0142 z posiedzenia UKF w Uniwersytecie Zielonog\u00f3rskim 27 pa\u017adziernika 2023 r.<\/a><\/li>\n<li><a href=\"https:\/\/krup.edu.pl\/ukf\/wp-content\/uploads\/sites\/3\/2025\/01\/stanowisko_ukf_krup_27_10_2023.pdf\">Stanowisko Uniwersyteckiej Komisji Finansowej KRUP z dnia 27 pa\u017adziernika 2023 roku w sprawie konieczno\u015bci zapewnienia w bud\u017cecie \u015brodk\u00f3w na pokrycie finansowych skutk\u00f3w wzrostu minimalnych wynagrodze\u0144<\/a><\/li>\n<li><a href=\"https:\/\/krup.edu.pl\/ukf\/wp-content\/uploads\/sites\/3\/2025\/01\/protokol_z_posiedzenia_ukf_w_uwm_w_olsztynie.pdf\">Protok\u00f3\u0142 z posiedzenia UKF w Uniwersytecie Warmi\u0144sko-Mazurskim w Olsztynie 16 czerwca 2023 r.<\/a><\/li>\n<li><a href=\"https:\/\/krup.edu.pl\/ukf\/wp-content\/uploads\/sites\/3\/2025\/01\/protokol_ukf_ujk_kielce_21_04_2023.pdf\">Protok\u00f3\u0142 z posiedzenia UKF w Uniwersytecie Jana Kochanowskiego w Kielcach 21 kwietnia 2023 r.<\/a><\/li>\n<li><a href=\"https:\/\/krup.edu.pl\/ukf\/wp-content\/uploads\/sites\/3\/2025\/01\/protokolukf_21_10_2022.pdf\">Protok\u00f3\u0142 z posiedzenia UKF w Uniwersytecie Kazimierza Wielkiego w Bydgoszczy Finansowej KRUP z dnia 19 kwietnia 2023r.<\/a><\/li>\n<li><a href=\"https:\/\/krup.edu.pl\/ukf\/wp-content\/uploads\/sites\/3\/2025\/01\/protokol_ukf_zielona_gora_27.10.2023.pdf\">Protok\u00f3\u0142 z posiedzenia UKF w Uniwersytecie Zielonog\u00f3rskim 27 pa\u017adziernika 2023 r.<\/a><\/li>\n<li><a href=\"https:\/\/krup.edu.pl\/ukf\/wp-content\/uploads\/sites\/3\/2025\/01\/stanowisko_ukf_krup_27_10_2023.pdf\">Stanowisko Uniwersyteckiej Komisji Finansowej KRUP\u00a0z dnia 27 pa\u017adziernika 2023 roku\u00a0w sprawie konieczno\u015bci zapewnienia w bud\u017cecie \u015brodk\u00f3w na pokrycie finansowych skutk\u00f3w wzrostu minimalnych wynagrodze\u0144<\/a><\/li>\n<li><a href=\"https:\/\/krup.edu.pl\/ukf\/wp-content\/uploads\/sites\/3\/2025\/01\/protokol_z_posiedzenia_ukf_w_uwm_w_olsztynie.pdf\">Protok\u00f3\u0142 z posiedzenia UKF w Uniwersytecie Warmi\u0144sko-Mazurskim w Olsztynie 16 czerwca 2023 r.<\/a><\/li>\n<li><a href=\"https:\/\/krup.edu.pl\/ukf\/wp-content\/uploads\/sites\/3\/2025\/01\/protokol_ukf_ujk_kielce_21_04_2023.pdf\">Protok\u00f3\u0142 z posiedzenia UKF w Uniwersytecie Jana Kochanowskiego w Kielcach 21 kwietnia 2023 r.<\/a><\/li>\n<li><a href=\"https:\/\/krup.edu.pl\/ukf\/wp-content\/uploads\/sites\/3\/2025\/01\/protokolukf_21_10_2022.pdf\">Protok\u00f3\u0142 z posiedzenia UKF w Uniwersytecie Kazimierza Wielkiego w Bydgoszczy 21 pa\u017adziernika 2022 r.<\/a><\/li>\n<li><a href=\"https:\/\/krup.edu.pl\/ukf\/wp-content\/uploads\/sites\/3\/2025\/01\/Uchwala-KRUP-nr-386-z-dnia-04-11-2022-ws-zwolnienia-uczelni-z-podatku-od-budynkow.pdf\">Uchwa\u0142a KRUP nr 386 z dnia 04-11-2022 ws. zwolnienia uczelni z podatku od budynk\u00f3w<\/a><\/li>\n<li><a href=\"https:\/\/krup.edu.pl\/ukf\/wp-content\/uploads\/sites\/3\/2025\/01\/uchwnr3_ukf_22102022_0.pdf\">Uchwa\u0142a Nr 3 Uniwersyteckiej Komisji Finansowej KRUP\u00a0 z dnia 21 pa\u017adziernika 2022 r.<\/a><\/li>\n<li><a href=\"https:\/\/krup.edu.pl\/ukf\/wp-content\/uploads\/sites\/3\/2025\/01\/uchwnr2_ukf_22102022_0.pdf\">Uchwa\u0142a Nr 2 Uniwersyteckiej Komisji Finansowej KRUP\u00a0 z dnia 21 pa\u017adziernika 2022 r.<\/a><\/li>\n<li><a href=\"https:\/\/krup.edu.pl\/ukf\/wp-content\/uploads\/sites\/3\/2025\/01\/uchwnr1_ukf_21102022_0.pdf\">Uchwa\u0142a Nr 1 Uniwersyteckiej Komisji Finansowej KRUP\u00a0 z dnia 21 pa\u017adziernika 2022 r.<\/a><\/li>\n<li><a href=\"https:\/\/krup.edu.pl\/ukf\/wp-content\/uploads\/sites\/3\/2025\/01\/protokol_z_posiedzenia_ukf_w_uniwersyteckie_gdanskim.pdf\">Protok\u00f3\u0142 z posiedzenia UKF w Uniwersytecie Gda\u0144skim 24 czerwca 2022 r<\/a>.<\/li>\n<li><a href=\"https:\/\/krup.edu.pl\/ukf\/wp-content\/uploads\/sites\/3\/2025\/01\/uchwnr2_ukf_24062022.pdf\">Uchwa\u0142a Nr 2 Uniwersyteckiej Komisji Finansowej KRUP z dnia 24 czerwca 2022 r.<\/a><\/li>\n<li><a href=\"https:\/\/krup.edu.pl\/ukf\/wp-content\/uploads\/sites\/3\/2025\/01\/uchwalanr1_ukf_24062022.pdf\">Uchwa\u0142a Nr 1 Uniwersyteckiej Komisji Fiannsowej KRUP z dnia 24 czerwca 2022 r.<\/a><\/li>\n<li><a href=\"https:\/\/krup.edu.pl\/ukf\/wp-content\/uploads\/sites\/3\/2025\/01\/protokol_ukf_uskatowice_22042022.pdf\">Protok\u00f3\u0142 z posiedzenia UKF w Uniwersytecie \u015al\u0105skim w Katowicach 22 kwietnia 2022 r.<\/a><\/li>\n<li><a href=\"https:\/\/krup.edu.pl\/ukf\/wp-content\/uploads\/sites\/3\/2025\/01\/uchwalanr4_ukf.pdf\">Uchwa\u0142a Nr 4 Uniwersyteckiej Komisji Finansowej KRUP z dnia 22 kwietnia 2022 r. w sprawie uaktualnienia wykazu towar\u00f3w, kt\u00f3rych dostawa jest opodatkowana stawk\u0105 0% na podstawie art. 83 ust. 1 ustawy z dnia 11 marca 2004 r. o podatku od towar\u00f3w i us\u0142ug oraz uproszczenia warunk\u00f3w ich stosowania<\/a><\/li>\n<li><a href=\"https:\/\/krup.edu.pl\/ukf\/wp-content\/uploads\/sites\/3\/2025\/01\/uchwalanr3_ukf.pdf\">Uchwa\u0142a Nr 3 Uniwersyteckiej Komisji Finansowej KRUP z dnia 22 kwietnia 2022 r. w sprawie zwolnienia uczelni publicznych z obowi\u0105zku przekazywania informacji o schematach podatkowych<\/a><\/li>\n<li><a href=\"https:\/\/krup.edu.pl\/ukf\/wp-content\/uploads\/sites\/3\/2025\/01\/uchwalanr2_ukf.pdf\">Uchwa\u0142a Nr 2\u00a0 Uniwersyteckiej Komisji Finansowej KRUP z dnia 22 kwietnia 2022 r. w sprawie zwolnienia uczelni publicznych z obowi\u0105zk\u00f3w zwi\u0105zanych z gromadzeniem i przekazywaniem szczeg\u00f3\u0142owych danych o wydatkach do rejestru um\u00f3w prowadzonego przez Ministra Finans\u00f3w, tj. obowi\u0105zk\u00f3w wynikaj\u0105cych z art. 34a i art. 34b w zwi\u0105zku z art. 34 ust. 1pkt 12 ustawy z dnia 27 sierpnia 2009 r. o finansach publicznych<\/a><\/li>\n<li><a href=\"https:\/\/krup.edu.pl\/ukf\/wp-content\/uploads\/sites\/3\/2025\/01\/uchwala_nr1_ukf_0.pdf\">Uchwa\u0142a\u00a0 Nr 1 Uniwersyteckiej Komisji Finansowej KRUP z dnia 22 kwietnia 2022 r. w sprawie mo\u017cliwo\u015bci wykorzystania w 2023 r. dotacji celowej na dofinansowanie inwestycji przyznanej w 2020 r.<\/a><\/li>\n<li><a href=\"https:\/\/krup.edu.pl\/ukf\/wp-content\/uploads\/sites\/3\/2025\/01\/protokol_uam.pdf\">Protok\u00f3\u0142 z posiedzenia UKF w Uniwersytecie im. Adama Mickiewicza w Poznaniu 22 pa\u017adziernika 2021 r.<\/a><\/li>\n<li><a href=\"https:\/\/krup.edu.pl\/ukf\/wp-content\/uploads\/sites\/3\/2025\/01\/uchwalaukf_22_10_2021.pdf\">Uchwa\u0142a Uniwersyteckiej Komisji Finansowej KRUP z dnia 22 pa\u017adziernika 2021 r. w sprawie\u00a0sposobu rozliczenia koszt\u00f3w po\u015brednich\u00a0w grantach Narodowego Centrum Nauki<\/a><\/li>\n<li><a href=\"https:\/\/krup.edu.pl\/ukf\/wp-content\/uploads\/sites\/3\/2025\/01\/protokol_krakow_25_06_21.pdf\">Protok\u00f3\u0142 z posiedzenia UKF w Uniwersytecie Jagiello\u0144skim w Krakowie 25 czerwca 2021 r.<\/a><\/li>\n<li><a href=\"https:\/\/krup.edu.pl\/ukf\/wp-content\/uploads\/sites\/3\/2025\/01\/uchwala_2ukf_2.pdf\">Uchwa\u0142a Uniwersyteckiej Komisji Finansowej KRUP z dnia 25 czerwca 2021 r. w sprawie obowi\u0105zku sporz\u0105dzania i podawania do publicznej wiadomo\u015bci informacji o realizowanej strategii podatkowej za rok podatkowy<\/a><\/li>\n<li><a href=\"https:\/\/krup.edu.pl\/ukf\/wp-content\/uploads\/sites\/3\/2025\/01\/uchwala1_ukf.pdf\">Uchwa\u0142a Uniwersyteckiej Komisji Finansowej KRUP z dnia 25 czerwca 2021 r. w sprawie dotacji celowych przyznanych w 2020 r.<\/a><\/li>\n<li><a href=\"https:\/\/krup.edu.pl\/ukf\/wp-content\/uploads\/sites\/3\/2025\/01\/protokol_maj_2021.pdf\">Protok\u00f3\u0142 zdalnego posiedzenia UKF 05 maja 2021 r.<\/a><\/li>\n<li><a href=\"https:\/\/krup.edu.pl\/ukf\/wp-content\/uploads\/sites\/3\/2025\/01\/protokol_uksw.pdf\">Protok\u00f3\u0142 z posiedzenia UKF w UKSW w Warszawie 11 wrze\u015bnia 2020 r.<\/a><\/li>\n<li><a href=\"https:\/\/krup.edu.pl\/ukf\/wp-content\/uploads\/sites\/3\/2025\/01\/sprawozdanie_ukf_2016-2020.pdf\">Sprawozdanie z dzia\u0142alno\u015bci Uniwersyteckiej Komisji Finansowej KRUP w kadencji 2016-2020<\/a><\/li>\n<li><a href=\"https:\/\/krup.edu.pl\/ukf\/wp-content\/uploads\/sites\/3\/2025\/01\/protokol_ukf_wroclaw.pdf\">Protok\u00f3\u0142 z posiedzenia UKF w Uniwersytecie Wroc\u0142awskim 26 czerwca 2020 r.<\/a><\/li>\n<li><a href=\"https:\/\/krup.edu.pl\/ukf\/wp-content\/uploads\/sites\/3\/2025\/01\/protokol_ukf_lodz.pdf\">Protok\u00f3\u0142 z posiedzenia UKF w Uniwersytecie \u0141\u00f3dzkim 15 listopada 2019 r.<\/a><\/li>\n<li><a href=\"https:\/\/krup.edu.pl\/ukf\/wp-content\/uploads\/sites\/3\/2025\/01\/protokol_ukf_olsztyn.pdf\">Protok\u00f3\u0142 z posiedzenia UKF w Uniwersytecie Warmi\u0144sko-Mazurskim w Olsztynie 14 czerwca 2019 r.<\/a><\/li>\n<li><a href=\"https:\/\/krup.edu.pl\/ukf\/wp-content\/uploads\/sites\/3\/2025\/01\/protokol_sopot.pdf\">Protok\u00f3\u0142 z posiedzenia UKF w Uniwersytecie Gda\u0144skim \u2013 Sopot 26 kwietnia 2019 r.<\/a><\/li>\n<li><a href=\"https:\/\/krup.edu.pl\/ukf\/wp-content\/uploads\/sites\/3\/2025\/01\/protokol_ukf_poznan.pdf\">Protok\u00f3\u0142 z posiedzenia UKF Uniwersytet im. Adama Mickiewicza w Poznaniu 09.11.2018 r.<\/a><\/li>\n<li><a href=\"https:\/\/krup.edu.pl\/ukf\/wp-content\/uploads\/sites\/3\/2025\/01\/uchwala_ukf_poznan.pdf\">Uchwa\u0142a Uniwersyteckiej Komisji Finansowej KRUP z dnia 9 listopada 2018 r.<\/a><\/li>\n<li><a href=\"https:\/\/krup.edu.pl\/ukf\/wp-content\/uploads\/sites\/3\/2025\/01\/uwagi_ukf_warszawa.pdf\">Uwagi UKF dot. rozporz\u0105dzenia w sprawie algorytmu podzia\u0142u subwencji \u2013 Warszawa 05.10.2018 r.<\/a><\/li>\n<li><a href=\"https:\/\/krup.edu.pl\/ukf\/wp-content\/uploads\/sites\/3\/2025\/01\/protokol_augustow.pdf\">Protok\u00f3\u0142 z posiedzenia UKF Uniwersytet w Bia\u0142ymstoku 23.06.2018 r.<\/a><\/li>\n<li><a href=\"https:\/\/krup.edu.pl\/ukf\/wp-content\/uploads\/sites\/3\/2025\/01\/protokol_ukf_katowice.pdf\">Protok\u00f3\u0142 posiedzenia UKF w Katowicach 13.04.2018 r.<\/a><\/li>\n<li><a href=\"https:\/\/krup.edu.pl\/ukf\/wp-content\/uploads\/sites\/3\/2025\/01\/wnioski_ukf_krup.pdf\">Wnioski z posiedzenia UKF w Katowicach<\/a><\/li>\n<li><a href=\"https:\/\/krup.edu.pl\/ukf\/wp-content\/uploads\/sites\/3\/2025\/01\/protokol_ukf_bydgoszcz.pdf\">Protok\u00f3\u0142 posiedzenia UKF w Bydgoszczy 13.10.2017 r.<\/a><\/li>\n<li><a href=\"https:\/\/krup.edu.pl\/ukf\/wp-content\/uploads\/sites\/3\/2025\/01\/uwagi_ukf_0.pdf\">Uwagi i propozycje UKF do projektu ustawy o szkolnictwie wy\u017cszym i nauce<\/a><\/li>\n<li><a href=\"https:\/\/krup.edu.pl\/ukf\/wp-content\/uploads\/sites\/3\/2025\/01\/protokol_ukf_rzeszow.pdf\">Protok\u00f3\u0142 posiedzenia UKF w Rzeszowie 23.06.2017 r.<\/a><\/li>\n<li><a href=\"https:\/\/krup.edu.pl\/ukf\/wp-content\/uploads\/sites\/3\/2025\/01\/protokol_ukf_lublin.pdf\">Protok\u00f3\u0142 posiedzenia UKF w Lublinie 08.04.2017 r.<\/a><\/li>\n<li><a href=\"https:\/\/krup.edu.pl\/ukf\/wp-content\/uploads\/sites\/3\/2025\/01\/stanowisko_ukf_ws._zalozen_do_ustawy_2.0.pdf\">Stanowisko UKF w sprawie finansowych aspekt\u00f3w w projektach za\u0142o\u017ce\u0144 do \u201eustawy 2.0\u201d<\/a><\/li>\n<li><a href=\"https:\/\/krup.edu.pl\/ukf\/wp-content\/uploads\/sites\/3\/2025\/01\/protokol_posiedzenia_ukf_z._gora.pdf\">Protok\u00f3\u0142 posiedzenia UKF w Zielonej G\u00f3rze 28.10.2016 r.<\/a><\/li>\n<li><a href=\"https:\/\/krup.edu.pl\/ukf\/wp-content\/uploads\/sites\/3\/2025\/01\/stanowisko_ukf_w_sprawie_algorytmu_podzialu_dotacji.pdf\">Stanowisko UKF w sprawie propozycji zmian w algorytmie podzia\u0142u dotacji<\/a><\/li>\n<\/ul>\n","protected":false},"excerpt":{"rendered":"<p>Protok\u00f3\u0142 z posiedzenia UKF w Uniwersytecie Jagiello\u0144skim w Krakowie 4 wrze\u015bnia 2024 r. Protok\u00f3\u0142 z posiedzenia UKF w Uniwersytecie Warszawskim 20 czerwca 2024 r. Protok\u00f3\u0142 z posiedzenia UKF w Uniwersytecie w Bia\u0142ymstoku (Filia w Wilnie) 19 kwietnia 2024 r. Uchwa\u0142a Nr 3 Uniwersyteckiej Komisji Finansowej KRUP z dnia 19 kwietnia 2024 r. Uchwa\u0142a Nr 2 [&hellip;]<\/p>\n","protected":false},"author":2,"featured_media":0,"parent":138,"menu_order":0,"comment_status":"closed","ping_status":"closed","template":"","meta":{"_acf_changed":false,"footnotes":""},"class_list":["post-385","page","type-page","status-publish","hentry"],"acf":[],"_links":{"self":[{"href":"https:\/\/krup.edu.pl\/ukf\/wp-json\/wp\/v2\/pages\/385","targetHints":{"allow":["GET"]}}],"collection":[{"href":"https:\/\/krup.edu.pl\/ukf\/wp-json\/wp\/v2\/pages"}],"about":[{"href":"https:\/\/krup.edu.pl\/ukf\/wp-json\/wp\/v2\/types\/page"}],"author":[{"embeddable":true,"href":"https:\/\/krup.edu.pl\/ukf\/wp-json\/wp\/v2\/users\/2"}],"replies":[{"embeddable":true,"href":"https:\/\/krup.edu.pl\/ukf\/wp-json\/wp\/v2\/comments?post=385"}],"version-history":[{"count":4,"href":"https:\/\/krup.edu.pl\/ukf\/wp-json\/wp\/v2\/pages\/385\/revisions"}],"predecessor-version":[{"id":404,"href":"https:\/\/krup.edu.pl\/ukf\/wp-json\/wp\/v2\/pages\/385\/revisions\/404"}],"up":[{"embeddable":true,"href":"https:\/\/krup.edu.pl\/ukf\/wp-json\/wp\/v2\/pages\/138"}],"wp:attachment":[{"href":"https:\/\/krup.edu.pl\/ukf\/wp-json\/wp\/v2\/media?parent=385"}],"curies":[{"name":"wp","href":"https:\/\/api.w.org\/{rel}","templated":true}]}}